{"id":113262,"date":"2015-08-26T09:30:55","date_gmt":"2015-08-26T14:30:55","guid":{"rendered":"https:\/\/www.essensedesigns.com\/sorella-vita\/"},"modified":"2026-03-05T15:18:21","modified_gmt":"2026-03-05T21:18:21","slug":"sorella-vita","status":"publish","type":"page","link":"https:\/\/test.essensedesigns.com\/de\/sorella-vita\/","title":{"rendered":"Sorella Vita"},"content":{"rendered":"\n<div class=\"wp-block-cover has-custom-content-position is-position-bottom-left is-light image-header desktop-header\"><img loading=\"lazy\" decoding=\"async\" width=\"1920\" height=\"1100\" class=\"wp-block-cover__image-background wp-image-108565\" alt=\"\" src=\"https:\/\/cdn.essensedesigns.com\/uploads\/2024\/06\/Hero_desktop-2.jpg\" data-object-fit=\"cover\" srcset=\"https:\/\/cdn.essensedesigns.com\/uploads\/2024\/06\/Hero_desktop-2.jpg 1920w, https:\/\/cdn.essensedesigns.com\/uploads\/2024\/06\/Hero_desktop-2-300x172.jpg 300w, https:\/\/cdn.essensedesigns.com\/uploads\/2024\/06\/Hero_desktop-2-1024x587.jpg 1024w, https:\/\/cdn.essensedesigns.com\/uploads\/2024\/06\/Hero_desktop-2-768x440.jpg 768w, https:\/\/cdn.essensedesigns.com\/uploads\/2024\/06\/Hero_desktop-2-1536x880.jpg 1536w, https:\/\/cdn.essensedesigns.com\/uploads\/2024\/06\/Hero_desktop-2-550x315.jpg 550w\" sizes=\"auto, (max-width: 1920px) 100vw, 1920px\" \/><span aria-hidden=\"true\" class=\"wp-block-cover__background has-background-dim-0 has-background-dim\"><\/span><div class=\"wp-block-cover__inner-container is-layout-flow wp-block-cover-is-layout-flow\">\n<div class=\"wp-block-group is-layout-flow wp-block-group-is-layout-flow\">\n<figure class=\"wp-block-image aligncenter size-full is-resized\"><img decoding=\"async\" src=\"https:\/\/cdn.essensedesigns.com\/uploads\/2026\/02\/hero_text_desktop-2.svg\" alt=\"\" class=\"wp-image-121831\" style=\"width:878px;height:250px\"\/><\/figure>\n\n\n\n<div style=\"height:130px\" aria-hidden=\"true\" class=\"wp-block-spacer desktop-only\"><\/div>\n<\/div>\n<\/div><\/div>\n\n\n\n<div class=\"wp-block-cover has-custom-content-position is-position-bottom-center is-light image-header mobile-header\"><img loading=\"lazy\" decoding=\"async\" width=\"450\" height=\"800\" class=\"wp-block-cover__image-background wp-image-108569\" alt=\"\" src=\"https:\/\/cdn.essensedesigns.com\/uploads\/2024\/06\/Hero_mobile-1.jpg\" style=\"object-position:46% 9%\" data-object-fit=\"cover\" data-object-position=\"46% 9%\" srcset=\"https:\/\/cdn.essensedesigns.com\/uploads\/2024\/06\/Hero_mobile-1.jpg 450w, https:\/\/cdn.essensedesigns.com\/uploads\/2024\/06\/Hero_mobile-1-169x300.jpg 169w, https:\/\/cdn.essensedesigns.com\/uploads\/2024\/06\/Hero_mobile-1-422x750.jpg 422w\" sizes=\"auto, (max-width: 450px) 100vw, 450px\" \/><span aria-hidden=\"true\" class=\"wp-block-cover__background has-background-dim-0 has-background-dim\"><\/span><div class=\"wp-block-cover__inner-container is-layout-flow wp-block-cover-is-layout-flow\">\n<div class=\"wp-block-group is-layout-flow wp-block-group-is-layout-flow\">\n<figure class=\"wp-block-image size-large is-resized\"><img decoding=\"async\" src=\"https:\/\/cdn.essensedesigns.com\/uploads\/2026\/02\/hero_text_desktop-2.svg\" alt=\"\" class=\"wp-image-121831\" style=\"width:502px;height:153px\"\/><\/figure>\n\n\n\n<div style=\"height:40px\" aria-hidden=\"true\" class=\"wp-block-spacer mobile-only\"><\/div>\n\n\n\n<div style=\"height:100px\" aria-hidden=\"true\" class=\"wp-block-spacer\"><\/div>\n<\/div>\n<\/div><\/div>\n\n\n\n<div style=\"height:64px\" aria-hidden=\"true\" class=\"wp-block-spacer\"><\/div>\n\n\n\n<h1 class=\"wp-block-heading has-text-align-center\" id=\"h-brautjungfernkleider-von-sorella-vita\">BRAUTJUNGFERNKLEIDER VON SORELLA VITA<\/h1>\n\n\n<div class=\"esen-fifty-fifty-block custom-block\">\n\t<div id=\"fiftyFiftyBlock-block_f96433038178bdf62fab63bd28ad69b9\" class=\"fiftyFiftyBlock alignfull\">\n\t\t<div data-esen-fifty-fifty-block=\"\" class=\"d-flex justify-content-center flex-row \">\n\t\t\t<div class=\"fifty-fifty-text-wrapper d-flex flex-column justify-content-center align-items-center \"\n\t\t\t\t\tstyle=\"background-color: transparent;\n\t\t\t\t\t\t\tbackground-image: url('');\">\n\t\t\t <div class=\"fifty-fifty-text d-flex flex-column justify-content-center\" style=\"color: #0a0a0a;\">\n            <div class=\"fifty-fifty-description\"><p>Von schulterfreien und weichen, aber dennoch sexy Silhouetten bis hin zu Slipdresses und vielem mehr gibt es unz\u00e4hlige Looks, Farbt\u00f6ne und Stoffe, die Du f\u00fcr Deine Brautparty kombinieren (oder aufeinander abstimmen!) kannst. Ganz gleich, ob Dein Hochzeitsstil zeitlos und sch\u00f6n oder modern und schick ist, wir haben f\u00fcr jeden Geschmack und jeden Trend das Passende. Und da viele unserer Modelle auch in \u00dcbergr\u00f6\u00dfen erh\u00e4ltlich sind, gibt es f\u00fcr jede zuk\u00fcnftige Brautjungfer das passende Brautjungfernkleid!<\/p>\n<\/div>\n            <a class=\"fifty-fifty-button btn btn-fill d-flex justify-content-center\" style=\"background-color: rgb(64,63,63); color: #ffffff; align-self: center; border-color: ;\"\n         href=\"https:\/\/www.essensedesigns.com\/de\/sorella-vita\/dresses\/\" title=\"\">Alle Kleider ansehen<\/a>\n        <\/div>\t\t\t<\/div>\n\n\t\t\t<!-- The main image column -->\n\t\t\t<div class=\"fifty-fifty-media-wrapper d-flex\" style=\"position: relative;\">\n\t\t\t    <div class=\"fifty-fifty-media\">\n            <img loading=\"lazy\" decoding=\"async\" class=\"fifty-fifty-image-file\" src=\"https:\/\/cdn.essensedesigns.com\/uploads\/2024\/06\/50-50-Block-1.jpg\" alt=\"\" width=\"700\" height=\"700\">\n        <\/div>                \t\t\t\t<div class=\"placeholder-glow\" style=\"position: absolute; width: 100%; height: 100%;\">\n\t\t\t\t\t<span class=\"placeholder\" style=\"width: 100%; height: 100%;\"><\/span>\n\t\t\t\t<\/div>\n\t\t\t<\/div>\n\t\t<\/div>\n\t<\/div>\n<\/div>\n\n\n\n<div style=\"height:32px\" aria-hidden=\"true\" class=\"wp-block-spacer\"><\/div>\n","protected":false},"excerpt":{"rendered":"<p>BRAUTJUNGFERNKLEIDER VON SORELLA VITA<\/p>\n","protected":false},"author":1,"featured_media":0,"parent":0,"menu_order":0,"comment_status":"closed","ping_status":"closed","template":"template-brand-home-alt.php","meta":{"_acf_changed":false,"footnotes":""},"class_list":["post-113262","page","type-page","status-publish","hentry"],"acf":[],"yoast_head":"<!-- This site is optimized with the Yoast SEO Premium plugin v25.7.1 (Yoast SEO v25.9) - https:\/\/yoast.com\/wordpress\/plugins\/seo\/ -->\n<title>Designer Bridesmaid Dresses | Sorella Vita<\/title>\n<meta name=\"description\" content=\"Our collection of bridesmaid dresses was exclusively designed to include all colors, fabrics and silhouettes to flatter every bride and every wedding style.\" \/>\n<meta name=\"robots\" content=\"index, follow, max-snippet:-1, max-image-preview:large, max-video-preview:-1\" \/>\n<link rel=\"canonical\" href=\"https:\/\/test.essensedesigns.com\/de\/sorella-vita\/\" \/>\n<meta property=\"og:locale\" content=\"de_DE\" \/>\n<meta property=\"og:type\" content=\"article\" \/>\n<meta property=\"og:title\" content=\"Sorella Vita\" \/>\n<meta property=\"og:description\" content=\"Our collection of bridesmaid dresses was exclusively designed to include all colors, fabrics and silhouettes to flatter every bride and every wedding style.\" \/>\n<meta property=\"og:url\" content=\"https:\/\/test.essensedesigns.com\/de\/sorella-vita\/\" \/>\n<meta property=\"og:site_name\" content=\"Essense of Australia\" \/>\n<meta property=\"article:publisher\" content=\"https:\/\/www.facebook.com\/essenseofaustralia\/\" \/>\n<meta property=\"article:modified_time\" content=\"2026-03-05T21:18:21+00:00\" \/>\n<meta property=\"og:image\" content=\"https:\/\/cdn.essensedesigns.com\/uploads\/2024\/06\/Hero_desktop-2.jpg\" \/>\n<meta name=\"twitter:card\" content=\"summary_large_image\" \/>\n<meta name=\"twitter:label1\" content=\"Est. reading time\" \/>\n\t<meta name=\"twitter:data1\" content=\"1 minute\" \/>\n<script type=\"application\/ld+json\" class=\"yoast-schema-graph\">{\"@context\":\"https:\/\/schema.org\",\"@graph\":[{\"@type\":\"WebPage\",\"@id\":\"https:\/\/test.essensedesigns.com\/de\/sorella-vita\/\",\"url\":\"https:\/\/test.essensedesigns.com\/de\/sorella-vita\/\",\"name\":\"Designer Bridesmaid Dresses | Sorella Vita\",\"isPartOf\":{\"@id\":\"https:\/\/staging.essensedesigns.com\/#website\"},\"primaryImageOfPage\":{\"@id\":\"https:\/\/test.essensedesigns.com\/de\/sorella-vita\/#primaryimage\"},\"image\":{\"@id\":\"https:\/\/test.essensedesigns.com\/de\/sorella-vita\/#primaryimage\"},\"thumbnailUrl\":\"https:\/\/cdn.essensedesigns.com\/uploads\/2024\/06\/Hero_desktop-2.jpg\",\"datePublished\":\"2015-08-26T14:30:55+00:00\",\"dateModified\":\"2026-03-05T21:18:21+00:00\",\"description\":\"Our collection of bridesmaid dresses was exclusively designed to include all colors, fabrics and silhouettes to flatter every bride and every wedding style.\",\"breadcrumb\":{\"@id\":\"https:\/\/test.essensedesigns.com\/de\/sorella-vita\/#breadcrumb\"},\"inLanguage\":\"de-DE\",\"potentialAction\":[{\"@type\":\"ReadAction\",\"target\":[\"https:\/\/test.essensedesigns.com\/de\/sorella-vita\/\"]}]},{\"@type\":\"ImageObject\",\"inLanguage\":\"de-DE\",\"@id\":\"https:\/\/test.essensedesigns.com\/de\/sorella-vita\/#primaryimage\",\"url\":\"https:\/\/cdn.essensedesigns.com\/uploads\/2024\/06\/Hero_desktop-2.jpg\",\"contentUrl\":\"https:\/\/cdn.essensedesigns.com\/uploads\/2024\/06\/Hero_desktop-2.jpg\"},{\"@type\":\"BreadcrumbList\",\"@id\":\"https:\/\/test.essensedesigns.com\/de\/sorella-vita\/#breadcrumb\",\"itemListElement\":[{\"@type\":\"ListItem\",\"position\":1,\"name\":\"Home\",\"item\":\"https:\/\/staging.essensedesigns.com\/de\/\"},{\"@type\":\"ListItem\",\"position\":2,\"name\":\"Sorella Vita\"}]},{\"@type\":\"WebSite\",\"@id\":\"https:\/\/staging.essensedesigns.com\/#website\",\"url\":\"https:\/\/staging.essensedesigns.com\/\",\"name\":\"Essense Designs\",\"description\":\"\",\"publisher\":{\"@id\":\"https:\/\/staging.essensedesigns.com\/#organization\"},\"potentialAction\":[{\"@type\":\"SearchAction\",\"target\":{\"@type\":\"EntryPoint\",\"urlTemplate\":\"https:\/\/staging.essensedesigns.com\/?s={search_term_string}\"},\"query-input\":{\"@type\":\"PropertyValueSpecification\",\"valueRequired\":true,\"valueName\":\"search_term_string\"}}],\"inLanguage\":\"de-DE\"},{\"@type\":\"Organization\",\"@id\":\"https:\/\/staging.essensedesigns.com\/#organization\",\"name\":\"Essense of Australia\",\"url\":\"https:\/\/staging.essensedesigns.com\/\",\"logo\":{\"@type\":\"ImageObject\",\"inLanguage\":\"de-DE\",\"@id\":\"https:\/\/staging.essensedesigns.com\/#\/schema\/logo\/image\/\",\"url\":\"https:\/\/cdn.essensedesigns.com\/uploads\/2022\/12\/essense_of_australia_logo_svg.svg\",\"contentUrl\":\"https:\/\/cdn.essensedesigns.com\/uploads\/2022\/12\/essense_of_australia_logo_svg.svg\",\"width\":279,\"height\":101,\"caption\":\"Essense of Australia\"},\"image\":{\"@id\":\"https:\/\/staging.essensedesigns.com\/#\/schema\/logo\/image\/\"},\"sameAs\":[\"https:\/\/www.facebook.com\/essenseofaustralia\/\",\"https:\/\/www.instagram.com\/essenseofaustralia\",\"https:\/\/www.pinterest.com\/essensedesigns\/\"]}]}<\/script>\n<!-- \/ Yoast SEO Premium plugin. -->","yoast_head_json":{"title":"Designer Bridesmaid Dresses | Sorella Vita","description":"Our collection of bridesmaid dresses was exclusively designed to include all colors, fabrics and silhouettes to flatter every bride and every wedding style.","robots":{"index":"index","follow":"follow","max-snippet":"max-snippet:-1","max-image-preview":"max-image-preview:large","max-video-preview":"max-video-preview:-1"},"canonical":"https:\/\/test.essensedesigns.com\/de\/sorella-vita\/","og_locale":"de_DE","og_type":"article","og_title":"Sorella Vita","og_description":"Our collection of bridesmaid dresses was exclusively designed to include all colors, fabrics and silhouettes to flatter every bride and every wedding style.","og_url":"https:\/\/test.essensedesigns.com\/de\/sorella-vita\/","og_site_name":"Essense of Australia","article_publisher":"https:\/\/www.facebook.com\/essenseofaustralia\/","article_modified_time":"2026-03-05T21:18:21+00:00","og_image":[{"url":"https:\/\/cdn.essensedesigns.com\/uploads\/2024\/06\/Hero_desktop-2.jpg","type":"","width":"","height":""}],"twitter_card":"summary_large_image","twitter_misc":{"Est. reading time":"1 minute"},"schema":{"@context":"https:\/\/schema.org","@graph":[{"@type":"WebPage","@id":"https:\/\/test.essensedesigns.com\/de\/sorella-vita\/","url":"https:\/\/test.essensedesigns.com\/de\/sorella-vita\/","name":"Designer Bridesmaid Dresses | Sorella Vita","isPartOf":{"@id":"https:\/\/staging.essensedesigns.com\/#website"},"primaryImageOfPage":{"@id":"https:\/\/test.essensedesigns.com\/de\/sorella-vita\/#primaryimage"},"image":{"@id":"https:\/\/test.essensedesigns.com\/de\/sorella-vita\/#primaryimage"},"thumbnailUrl":"https:\/\/cdn.essensedesigns.com\/uploads\/2024\/06\/Hero_desktop-2.jpg","datePublished":"2015-08-26T14:30:55+00:00","dateModified":"2026-03-05T21:18:21+00:00","description":"Our collection of bridesmaid dresses was exclusively designed to include all colors, fabrics and silhouettes to flatter every bride and every wedding style.","breadcrumb":{"@id":"https:\/\/test.essensedesigns.com\/de\/sorella-vita\/#breadcrumb"},"inLanguage":"de-DE","potentialAction":[{"@type":"ReadAction","target":["https:\/\/test.essensedesigns.com\/de\/sorella-vita\/"]}]},{"@type":"ImageObject","inLanguage":"de-DE","@id":"https:\/\/test.essensedesigns.com\/de\/sorella-vita\/#primaryimage","url":"https:\/\/cdn.essensedesigns.com\/uploads\/2024\/06\/Hero_desktop-2.jpg","contentUrl":"https:\/\/cdn.essensedesigns.com\/uploads\/2024\/06\/Hero_desktop-2.jpg"},{"@type":"BreadcrumbList","@id":"https:\/\/test.essensedesigns.com\/de\/sorella-vita\/#breadcrumb","itemListElement":[{"@type":"ListItem","position":1,"name":"Home","item":"https:\/\/staging.essensedesigns.com\/de\/"},{"@type":"ListItem","position":2,"name":"Sorella Vita"}]},{"@type":"WebSite","@id":"https:\/\/staging.essensedesigns.com\/#website","url":"https:\/\/staging.essensedesigns.com\/","name":"Essense Designs","description":"","publisher":{"@id":"https:\/\/staging.essensedesigns.com\/#organization"},"potentialAction":[{"@type":"SearchAction","target":{"@type":"EntryPoint","urlTemplate":"https:\/\/staging.essensedesigns.com\/?s={search_term_string}"},"query-input":{"@type":"PropertyValueSpecification","valueRequired":true,"valueName":"search_term_string"}}],"inLanguage":"de-DE"},{"@type":"Organization","@id":"https:\/\/staging.essensedesigns.com\/#organization","name":"Essense of Australia","url":"https:\/\/staging.essensedesigns.com\/","logo":{"@type":"ImageObject","inLanguage":"de-DE","@id":"https:\/\/staging.essensedesigns.com\/#\/schema\/logo\/image\/","url":"https:\/\/cdn.essensedesigns.com\/uploads\/2022\/12\/essense_of_australia_logo_svg.svg","contentUrl":"https:\/\/cdn.essensedesigns.com\/uploads\/2022\/12\/essense_of_australia_logo_svg.svg","width":279,"height":101,"caption":"Essense of Australia"},"image":{"@id":"https:\/\/staging.essensedesigns.com\/#\/schema\/logo\/image\/"},"sameAs":["https:\/\/www.facebook.com\/essenseofaustralia\/","https:\/\/www.instagram.com\/essenseofaustralia","https:\/\/www.pinterest.com\/essensedesigns\/"]}]}},"_links":{"self":[{"href":"https:\/\/test.essensedesigns.com\/de\/wp-json\/wp\/v2\/pages\/113262","targetHints":{"allow":["GET"]}}],"collection":[{"href":"https:\/\/test.essensedesigns.com\/de\/wp-json\/wp\/v2\/pages"}],"about":[{"href":"https:\/\/test.essensedesigns.com\/de\/wp-json\/wp\/v2\/types\/page"}],"author":[{"embeddable":true,"href":"https:\/\/test.essensedesigns.com\/de\/wp-json\/wp\/v2\/users\/1"}],"replies":[{"embeddable":true,"href":"https:\/\/test.essensedesigns.com\/de\/wp-json\/wp\/v2\/comments?post=113262"}],"version-history":[{"count":42,"href":"https:\/\/test.essensedesigns.com\/de\/wp-json\/wp\/v2\/pages\/113262\/revisions"}],"predecessor-version":[{"id":121885,"href":"https:\/\/test.essensedesigns.com\/de\/wp-json\/wp\/v2\/pages\/113262\/revisions\/121885"}],"wp:attachment":[{"href":"https:\/\/test.essensedesigns.com\/de\/wp-json\/wp\/v2\/media?parent=113262"}],"curies":[{"name":"wp","href":"https:\/\/api.w.org\/{rel}","templated":true}]}}