{"id":113253,"date":"2015-11-20T13:40:21","date_gmt":"2015-11-20T19:40:21","guid":{"rendered":"https:\/\/www.essensedesigns.com\/about-us-2\/"},"modified":"2025-10-14T13:58:23","modified_gmt":"2025-10-14T18:58:23","slug":"about-us","status":"publish","type":"page","link":"https:\/\/test.essensedesigns.com\/de\/stella-york\/about-us\/","title":{"rendered":"About Us"},"content":{"rendered":"\n<figure class=\"wp-block-image size-large is-resized desktop-only m-auto\"><img loading=\"lazy\" decoding=\"async\" width=\"1024\" height=\"421\" src=\"https:\/\/cdn.essensedesigns.com\/uploads\/2024\/01\/SY-Hero_desktop-1-1024x421.jpg\" alt=\"Stella York Bridal Gowns About Us\" class=\"wp-image-105977\" style=\"width:1400px\" srcset=\"https:\/\/cdn.essensedesigns.com\/uploads\/2024\/01\/SY-Hero_desktop-1-1024x421.jpg 1024w, https:\/\/cdn.essensedesigns.com\/uploads\/2024\/01\/SY-Hero_desktop-1-300x123.jpg 300w, https:\/\/cdn.essensedesigns.com\/uploads\/2024\/01\/SY-Hero_desktop-1-768x315.jpg 768w, https:\/\/cdn.essensedesigns.com\/uploads\/2024\/01\/SY-Hero_desktop-1-550x226.jpg 550w, https:\/\/cdn.essensedesigns.com\/uploads\/2024\/01\/SY-Hero_desktop-1-1000x411.jpg 1000w, https:\/\/cdn.essensedesigns.com\/uploads\/2024\/01\/SY-Hero_desktop-1.jpg 1400w\" sizes=\"auto, (max-width: 1024px) 100vw, 1024px\" \/><\/figure>\n\n\n\n<figure class=\"wp-block-image aligncenter size-full mobile-only m-auto\"><img loading=\"lazy\" decoding=\"async\" width=\"450\" height=\"800\" src=\"https:\/\/cdn.essensedesigns.com\/uploads\/2024\/01\/SY-Hero_mobile-1.jpg\" alt=\"Stella York Bridal Gowns About Us\" class=\"wp-image-105975\" srcset=\"https:\/\/cdn.essensedesigns.com\/uploads\/2024\/01\/SY-Hero_mobile-1.jpg 450w, https:\/\/cdn.essensedesigns.com\/uploads\/2024\/01\/SY-Hero_mobile-1-169x300.jpg 169w, https:\/\/cdn.essensedesigns.com\/uploads\/2024\/01\/SY-Hero_mobile-1-422x750.jpg 422w\" sizes=\"auto, (max-width: 450px) 100vw, 450px\" \/><\/figure>\n\n\n\n<div style=\"height:20px\" aria-hidden=\"true\" class=\"wp-block-spacer\"><\/div>\n\n\n\n<h1 class=\"wp-block-heading\" id=\"h-uber-stella-york\">\u00dcber Stella York<\/h1>\n\n\n\n<div style=\"height:20px\" aria-hidden=\"true\" class=\"wp-block-spacer\"><\/div>\n\n\n<div class=\"esen-fifty-fifty-block custom-block\">\n\t<div id=\"fiftyFiftyBlock-block_1e1986f4b3516907e249612b893f3ab3\" class=\"fiftyFiftyBlock alignfull\">\n\t\t<div data-esen-fifty-fifty-block=\"\" class=\"d-flex justify-content-center flex-row-reverse \">\n\t\t\t<div class=\"fifty-fifty-text-wrapper d-flex flex-column justify-content-center align-items-center \"\n\t\t\t\t\tstyle=\"background-color: transparent;\n\t\t\t\t\t\t\tbackground-image: url('');\">\n\t\t\t <div class=\"fifty-fifty-text d-flex flex-column justify-content-center\" style=\"color: #666666;\">\n            <div class=\"fifty-fifty-description\"><p>Trete ins Rampenlicht: Hier kommt Stella York, eine Kollektion, welche alle Blicke auf sich zieht und f\u00fcr die Braut kreiert wurde, welche als strahlender Stern an ihrem gro\u00dfen Tag im Mittelpunkt steht. Die von unserem au\u00dfergew\u00f6hnlichen Designteam entworfenen Stella York-Brautkleider bieten laufsteginspirierte Modelle zu \u00e4u\u00dferst erschwinglichen Preisen. Mit einer gro\u00dfen Auswahl an inklusiven Gr\u00f6\u00dfen sorgen die Kleider von Stella York daf\u00fcr, dass sich alle Br\u00e4ute an ihrem besonderen Tag umwerfend f\u00fchlen.<\/p>\n<\/div>\n            <a class=\"fifty-fifty-button btn btn-fill d-flex justify-content-center\" style=\"background-color: #e6a69a; color: #666666; align-self: flex-start; border-color: ;\"\n         href=\"https:\/\/essensedesigns.com\/de\/stella-york\/wedding-dresses\/\" title=\"KLEIDER ANSEHEN\">KLEIDER ANSEHEN<\/a>\n        <\/div>\t\t\t<\/div>\n\n\t\t\t<!-- The main image column -->\n\t\t\t<div class=\"fifty-fifty-media-wrapper d-flex\" style=\"position: relative;\">\n\t\t\t    <div class=\"fifty-fifty-media\">\n            <img loading=\"lazy\" decoding=\"async\" class=\"fifty-fifty-image-file\" src=\"https:\/\/cdn.essensedesigns.com\/uploads\/2024\/01\/SY-Inline-1-2.jpg\" alt=\"\" width=\"700\" height=\"700\">\n        <\/div>                \t\t\t\t<div class=\"placeholder-glow\" style=\"position: absolute; width: 100%; height: 100%;\">\n\t\t\t\t\t<span class=\"placeholder\" style=\"width: 100%; height: 100%;\"><\/span>\n\t\t\t\t<\/div>\n\t\t\t<\/div>\n\t\t<\/div>\n\t<\/div>\n<\/div>\n\n\n\n<div style=\"height:25px\" aria-hidden=\"true\" class=\"wp-block-spacer\"><\/div>\n\n\n<div class=\"esen-fifty-fifty-block custom-block\">\n\t<div id=\"fiftyFiftyBlock-block_fb376b8d66df86a2c32a0eb22bad3622\" class=\"fiftyFiftyBlock alignfull\">\n\t\t<div data-esen-fifty-fifty-block=\"\" class=\"d-flex justify-content-center flex-row \">\n\t\t\t<div class=\"fifty-fifty-text-wrapper d-flex flex-column justify-content-center align-items-center \"\n\t\t\t\t\tstyle=\"background-color: transparent;\n\t\t\t\t\t\t\tbackground-image: url('');\">\n\t\t\t <div class=\"fifty-fifty-text d-flex flex-column justify-content-center\" style=\"color: #666666;\">\n            <div class=\"fifty-fifty-description\"><p>Inspiriert von den angesagtesten Brauttrends der Welt, spiegeln die Brautkleider von Stella York den ikonischen, einzigartigen Stil der Braut wider. Jedes Kleid ist handgefertigt und mit funkelnden Details versehen, die an jedem Hochzeitstag auffallen \u2013 ohne dass man zu tief in die Tasche greifen muss. Ganz gleich, ob sich eine Braut ein umwerfendes Kleid mit viel Glamour oder einen eleganten, verf\u00fchrerischen Look w\u00fcnscht, es gibt ein passendes Stella York Brautkleid.<\/p>\n<\/div>\n            <a class=\"fifty-fifty-button btn btn-fill d-flex justify-content-center\" style=\"background-color: #e6a69a; color: #666666; align-self: flex-start; border-color: ;\"\n         href=\"https:\/\/essensedesigns.com\/de\/stella-york\/wedding-dresses\/\" title=\"KLEIDER ANSEHEN\">KLEIDER ANSEHEN<\/a>\n        <\/div>\t\t\t<\/div>\n\n\t\t\t<!-- The main image column -->\n\t\t\t<div class=\"fifty-fifty-media-wrapper d-flex\" style=\"position: relative;\">\n\t\t\t    <div class=\"fifty-fifty-media\">\n            <img loading=\"lazy\" decoding=\"async\" class=\"fifty-fifty-image-file\" src=\"https:\/\/cdn.essensedesigns.com\/uploads\/2024\/01\/SY-Inline-2-2.jpg\" alt=\"\" width=\"700\" height=\"700\">\n        <\/div>                \t\t\t\t<div class=\"placeholder-glow\" style=\"position: absolute; width: 100%; height: 100%;\">\n\t\t\t\t\t<span class=\"placeholder\" style=\"width: 100%; height: 100%;\"><\/span>\n\t\t\t\t<\/div>\n\t\t\t<\/div>\n\t\t<\/div>\n\t<\/div>\n<\/div>\n","protected":false},"excerpt":{"rendered":"<p>\u00dcber Stella York<\/p>\n","protected":false},"author":4,"featured_media":113255,"parent":113274,"menu_order":0,"comment_status":"closed","ping_status":"closed","template":"template-brand-home.php","meta":{"_acf_changed":false,"footnotes":""},"class_list":["post-113253","page","type-page","status-publish","has-post-thumbnail","hentry"],"acf":[],"yoast_head":"<!-- This site is optimized with the Yoast SEO Premium plugin v25.7.1 (Yoast SEO v25.9) - https:\/\/yoast.com\/wordpress\/plugins\/seo\/ -->\n<title>About Us | Stella York<\/title>\n<meta name=\"description\" content=\"Inspiriert von den hei\u00dfesten Red-Carpet-Trends \u2013 Stella York Brautkleider sind detailverliebt handgefertigt und bieten perfekte Passform zu einem attraktiven Preis.\" \/>\n<meta name=\"robots\" content=\"index, follow, max-snippet:-1, max-image-preview:large, max-video-preview:-1\" \/>\n<link rel=\"canonical\" href=\"https:\/\/test.essensedesigns.com\/de\/stella-york\/about-us\/\" \/>\n<meta property=\"og:locale\" content=\"de_DE\" \/>\n<meta property=\"og:type\" content=\"article\" \/>\n<meta property=\"og:title\" content=\"About Us\" \/>\n<meta property=\"og:description\" content=\"Inspiriert von den hei\u00dfesten Red-Carpet-Trends \u2013 Stella York Brautkleider sind detailverliebt handgefertigt und bieten perfekte Passform zu einem attraktiven Preis.\" \/>\n<meta property=\"og:url\" content=\"https:\/\/test.essensedesigns.com\/de\/stella-york\/about-us\/\" \/>\n<meta property=\"og:site_name\" content=\"Essense of Australia\" \/>\n<meta property=\"article:publisher\" content=\"https:\/\/www.facebook.com\/essenseofaustralia\/\" \/>\n<meta property=\"article:modified_time\" content=\"2025-10-14T18:58:23+00:00\" \/>\n<meta property=\"og:image\" content=\"https:\/\/cdn.essensedesigns.com\/uploads\/2018\/10\/6834-3.jpg\" \/>\n\t<meta property=\"og:image:width\" content=\"1200\" \/>\n\t<meta property=\"og:image:height\" content=\"1914\" \/>\n\t<meta property=\"og:image:type\" content=\"image\/jpeg\" \/>\n<meta name=\"twitter:card\" content=\"summary_large_image\" \/>\n<meta name=\"twitter:label1\" content=\"Est. reading time\" \/>\n\t<meta name=\"twitter:data1\" content=\"1 minute\" \/>\n<script type=\"application\/ld+json\" class=\"yoast-schema-graph\">{\"@context\":\"https:\/\/schema.org\",\"@graph\":[{\"@type\":\"WebPage\",\"@id\":\"https:\/\/test.essensedesigns.com\/de\/stella-york\/about-us\/\",\"url\":\"https:\/\/test.essensedesigns.com\/de\/stella-york\/about-us\/\",\"name\":\"About Us | Stella York\",\"isPartOf\":{\"@id\":\"https:\/\/staging.essensedesigns.com\/#website\"},\"primaryImageOfPage\":{\"@id\":\"https:\/\/test.essensedesigns.com\/de\/stella-york\/about-us\/#primaryimage\"},\"image\":{\"@id\":\"https:\/\/test.essensedesigns.com\/de\/stella-york\/about-us\/#primaryimage\"},\"thumbnailUrl\":\"https:\/\/cdn.essensedesigns.com\/uploads\/2018\/10\/6834-3.jpg\",\"datePublished\":\"2015-11-20T19:40:21+00:00\",\"dateModified\":\"2025-10-14T18:58:23+00:00\",\"description\":\"Inspiriert von den hei\u00dfesten Red-Carpet-Trends \u2013 Stella York Brautkleider sind detailverliebt handgefertigt und bieten perfekte Passform zu einem attraktiven Preis.\",\"breadcrumb\":{\"@id\":\"https:\/\/test.essensedesigns.com\/de\/stella-york\/about-us\/#breadcrumb\"},\"inLanguage\":\"de-DE\",\"potentialAction\":[{\"@type\":\"ReadAction\",\"target\":[\"https:\/\/test.essensedesigns.com\/de\/stella-york\/about-us\/\"]}]},{\"@type\":\"ImageObject\",\"inLanguage\":\"de-DE\",\"@id\":\"https:\/\/test.essensedesigns.com\/de\/stella-york\/about-us\/#primaryimage\",\"url\":\"https:\/\/cdn.essensedesigns.com\/uploads\/2018\/10\/6834-3.jpg\",\"contentUrl\":\"https:\/\/cdn.essensedesigns.com\/uploads\/2018\/10\/6834-3.jpg\",\"width\":\"1200\",\"height\":\"1914\"},{\"@type\":\"BreadcrumbList\",\"@id\":\"https:\/\/test.essensedesigns.com\/de\/stella-york\/about-us\/#breadcrumb\",\"itemListElement\":[{\"@type\":\"ListItem\",\"position\":1,\"name\":\"Home\",\"item\":\"https:\/\/staging.essensedesigns.com\/de\/\"},{\"@type\":\"ListItem\",\"position\":2,\"name\":\"Stella York\",\"item\":\"https:\/\/staging.essensedesigns.com\/de\/stella-york\/\"},{\"@type\":\"ListItem\",\"position\":3,\"name\":\"About Us\"}]},{\"@type\":\"WebSite\",\"@id\":\"https:\/\/staging.essensedesigns.com\/#website\",\"url\":\"https:\/\/staging.essensedesigns.com\/\",\"name\":\"Essense Designs\",\"description\":\"\",\"publisher\":{\"@id\":\"https:\/\/staging.essensedesigns.com\/#organization\"},\"potentialAction\":[{\"@type\":\"SearchAction\",\"target\":{\"@type\":\"EntryPoint\",\"urlTemplate\":\"https:\/\/staging.essensedesigns.com\/?s={search_term_string}\"},\"query-input\":{\"@type\":\"PropertyValueSpecification\",\"valueRequired\":true,\"valueName\":\"search_term_string\"}}],\"inLanguage\":\"de-DE\"},{\"@type\":\"Organization\",\"@id\":\"https:\/\/staging.essensedesigns.com\/#organization\",\"name\":\"Essense of Australia\",\"url\":\"https:\/\/staging.essensedesigns.com\/\",\"logo\":{\"@type\":\"ImageObject\",\"inLanguage\":\"de-DE\",\"@id\":\"https:\/\/staging.essensedesigns.com\/#\/schema\/logo\/image\/\",\"url\":\"https:\/\/cdn.essensedesigns.com\/uploads\/2022\/12\/essense_of_australia_logo_svg.svg\",\"contentUrl\":\"https:\/\/cdn.essensedesigns.com\/uploads\/2022\/12\/essense_of_australia_logo_svg.svg\",\"width\":279,\"height\":101,\"caption\":\"Essense of Australia\"},\"image\":{\"@id\":\"https:\/\/staging.essensedesigns.com\/#\/schema\/logo\/image\/\"},\"sameAs\":[\"https:\/\/www.facebook.com\/essenseofaustralia\/\",\"https:\/\/www.instagram.com\/essenseofaustralia\",\"https:\/\/www.pinterest.com\/essensedesigns\/\"]}]}<\/script>\n<!-- \/ Yoast SEO Premium plugin. -->","yoast_head_json":{"title":"About Us | Stella York","description":"Inspiriert von den hei\u00dfesten Red-Carpet-Trends \u2013 Stella York Brautkleider sind detailverliebt handgefertigt und bieten perfekte Passform zu einem attraktiven Preis.","robots":{"index":"index","follow":"follow","max-snippet":"max-snippet:-1","max-image-preview":"max-image-preview:large","max-video-preview":"max-video-preview:-1"},"canonical":"https:\/\/test.essensedesigns.com\/de\/stella-york\/about-us\/","og_locale":"de_DE","og_type":"article","og_title":"About Us","og_description":"Inspiriert von den hei\u00dfesten Red-Carpet-Trends \u2013 Stella York Brautkleider sind detailverliebt handgefertigt und bieten perfekte Passform zu einem attraktiven Preis.","og_url":"https:\/\/test.essensedesigns.com\/de\/stella-york\/about-us\/","og_site_name":"Essense of Australia","article_publisher":"https:\/\/www.facebook.com\/essenseofaustralia\/","article_modified_time":"2025-10-14T18:58:23+00:00","og_image":[{"width":1200,"height":1914,"url":"https:\/\/cdn.essensedesigns.com\/uploads\/2018\/10\/6834-3.jpg","type":"image\/jpeg"}],"twitter_card":"summary_large_image","twitter_misc":{"Est. reading time":"1 minute"},"schema":{"@context":"https:\/\/schema.org","@graph":[{"@type":"WebPage","@id":"https:\/\/test.essensedesigns.com\/de\/stella-york\/about-us\/","url":"https:\/\/test.essensedesigns.com\/de\/stella-york\/about-us\/","name":"About Us | Stella York","isPartOf":{"@id":"https:\/\/staging.essensedesigns.com\/#website"},"primaryImageOfPage":{"@id":"https:\/\/test.essensedesigns.com\/de\/stella-york\/about-us\/#primaryimage"},"image":{"@id":"https:\/\/test.essensedesigns.com\/de\/stella-york\/about-us\/#primaryimage"},"thumbnailUrl":"https:\/\/cdn.essensedesigns.com\/uploads\/2018\/10\/6834-3.jpg","datePublished":"2015-11-20T19:40:21+00:00","dateModified":"2025-10-14T18:58:23+00:00","description":"Inspiriert von den hei\u00dfesten Red-Carpet-Trends \u2013 Stella York Brautkleider sind detailverliebt handgefertigt und bieten perfekte Passform zu einem attraktiven Preis.","breadcrumb":{"@id":"https:\/\/test.essensedesigns.com\/de\/stella-york\/about-us\/#breadcrumb"},"inLanguage":"de-DE","potentialAction":[{"@type":"ReadAction","target":["https:\/\/test.essensedesigns.com\/de\/stella-york\/about-us\/"]}]},{"@type":"ImageObject","inLanguage":"de-DE","@id":"https:\/\/test.essensedesigns.com\/de\/stella-york\/about-us\/#primaryimage","url":"https:\/\/cdn.essensedesigns.com\/uploads\/2018\/10\/6834-3.jpg","contentUrl":"https:\/\/cdn.essensedesigns.com\/uploads\/2018\/10\/6834-3.jpg","width":"1200","height":"1914"},{"@type":"BreadcrumbList","@id":"https:\/\/test.essensedesigns.com\/de\/stella-york\/about-us\/#breadcrumb","itemListElement":[{"@type":"ListItem","position":1,"name":"Home","item":"https:\/\/staging.essensedesigns.com\/de\/"},{"@type":"ListItem","position":2,"name":"Stella York","item":"https:\/\/staging.essensedesigns.com\/de\/stella-york\/"},{"@type":"ListItem","position":3,"name":"About Us"}]},{"@type":"WebSite","@id":"https:\/\/staging.essensedesigns.com\/#website","url":"https:\/\/staging.essensedesigns.com\/","name":"Essense Designs","description":"","publisher":{"@id":"https:\/\/staging.essensedesigns.com\/#organization"},"potentialAction":[{"@type":"SearchAction","target":{"@type":"EntryPoint","urlTemplate":"https:\/\/staging.essensedesigns.com\/?s={search_term_string}"},"query-input":{"@type":"PropertyValueSpecification","valueRequired":true,"valueName":"search_term_string"}}],"inLanguage":"de-DE"},{"@type":"Organization","@id":"https:\/\/staging.essensedesigns.com\/#organization","name":"Essense of Australia","url":"https:\/\/staging.essensedesigns.com\/","logo":{"@type":"ImageObject","inLanguage":"de-DE","@id":"https:\/\/staging.essensedesigns.com\/#\/schema\/logo\/image\/","url":"https:\/\/cdn.essensedesigns.com\/uploads\/2022\/12\/essense_of_australia_logo_svg.svg","contentUrl":"https:\/\/cdn.essensedesigns.com\/uploads\/2022\/12\/essense_of_australia_logo_svg.svg","width":279,"height":101,"caption":"Essense of Australia"},"image":{"@id":"https:\/\/staging.essensedesigns.com\/#\/schema\/logo\/image\/"},"sameAs":["https:\/\/www.facebook.com\/essenseofaustralia\/","https:\/\/www.instagram.com\/essenseofaustralia","https:\/\/www.pinterest.com\/essensedesigns\/"]}]}},"_links":{"self":[{"href":"https:\/\/test.essensedesigns.com\/de\/wp-json\/wp\/v2\/pages\/113253","targetHints":{"allow":["GET"]}}],"collection":[{"href":"https:\/\/test.essensedesigns.com\/de\/wp-json\/wp\/v2\/pages"}],"about":[{"href":"https:\/\/test.essensedesigns.com\/de\/wp-json\/wp\/v2\/types\/page"}],"author":[{"embeddable":true,"href":"https:\/\/test.essensedesigns.com\/de\/wp-json\/wp\/v2\/users\/4"}],"replies":[{"embeddable":true,"href":"https:\/\/test.essensedesigns.com\/de\/wp-json\/wp\/v2\/comments?post=113253"}],"version-history":[{"count":3,"href":"https:\/\/test.essensedesigns.com\/de\/wp-json\/wp\/v2\/pages\/113253\/revisions"}],"predecessor-version":[{"id":114837,"href":"https:\/\/test.essensedesigns.com\/de\/wp-json\/wp\/v2\/pages\/113253\/revisions\/114837"}],"up":[{"embeddable":true,"href":"https:\/\/test.essensedesigns.com\/de\/wp-json\/wp\/v2\/pages\/113274"}],"wp:featuredmedia":[{"embeddable":true,"href":"https:\/\/test.essensedesigns.com\/de\/wp-json\/wp\/v2\/media\/113255"}],"wp:attachment":[{"href":"https:\/\/test.essensedesigns.com\/de\/wp-json\/wp\/v2\/media?parent=113253"}],"curies":[{"name":"wp","href":"https:\/\/api.w.org\/{rel}","templated":true}]}}