{"id":113250,"date":"2015-11-20T13:56:40","date_gmt":"2015-11-20T19:56:40","guid":{"rendered":"https:\/\/www.essensedesigns.com\/about-us-2\/"},"modified":"2025-10-14T14:01:22","modified_gmt":"2025-10-14T19:01:22","slug":"uber-uns","status":"publish","type":"page","link":"https:\/\/test.essensedesigns.com\/de\/martina-liana\/uber-uns\/","title":{"rendered":"\u00dcber uns"},"content":{"rendered":"\n<figure class=\"wp-block-image size-large is-resized desktop-only m-auto\"><img loading=\"lazy\" decoding=\"async\" width=\"1024\" height=\"421\" src=\"https:\/\/cdn.essensedesigns.com\/uploads\/2024\/01\/ML-Hero_desktop-1-1024x421.jpg\" alt=\"Martina Liana Bridal Gowns About Us\" class=\"wp-image-106006\" style=\"width:1400px\" srcset=\"https:\/\/cdn.essensedesigns.com\/uploads\/2024\/01\/ML-Hero_desktop-1-1024x421.jpg 1024w, https:\/\/cdn.essensedesigns.com\/uploads\/2024\/01\/ML-Hero_desktop-1-300x123.jpg 300w, https:\/\/cdn.essensedesigns.com\/uploads\/2024\/01\/ML-Hero_desktop-1-768x315.jpg 768w, https:\/\/cdn.essensedesigns.com\/uploads\/2024\/01\/ML-Hero_desktop-1-550x226.jpg 550w, https:\/\/cdn.essensedesigns.com\/uploads\/2024\/01\/ML-Hero_desktop-1-1000x411.jpg 1000w, https:\/\/cdn.essensedesigns.com\/uploads\/2024\/01\/ML-Hero_desktop-1.jpg 1400w\" sizes=\"auto, (max-width: 1024px) 100vw, 1024px\" \/><\/figure>\n\n\n\n<figure class=\"wp-block-image aligncenter size-full mobile-only m-auto\"><img loading=\"lazy\" decoding=\"async\" width=\"450\" height=\"800\" src=\"https:\/\/cdn.essensedesigns.com\/uploads\/2024\/01\/ML-Hero_mobile-1.jpg\" alt=\"Martina Liana Bridal Gowns About Us\" class=\"wp-image-106008\" srcset=\"https:\/\/cdn.essensedesigns.com\/uploads\/2024\/01\/ML-Hero_mobile-1.jpg 450w, https:\/\/cdn.essensedesigns.com\/uploads\/2024\/01\/ML-Hero_mobile-1-169x300.jpg 169w, https:\/\/cdn.essensedesigns.com\/uploads\/2024\/01\/ML-Hero_mobile-1-422x750.jpg 422w\" sizes=\"auto, (max-width: 450px) 100vw, 450px\" \/><\/figure>\n\n\n\n<div style=\"height:20px\" aria-hidden=\"true\" class=\"wp-block-spacer\"><\/div>\n\n\n\n<h1 class=\"wp-block-heading\" id=\"h-uber-martina-liana\">\u00dcber Martina Liana<\/h1>\n\n\n\n<div style=\"height:20px\" aria-hidden=\"true\" class=\"wp-block-spacer\"><\/div>\n\n\n\n<div class=\"wp-block-group max-1400 m-auto has-background is-layout-flow wp-block-group-is-layout-flow\" style=\"background-color:#766c69\">\n<div class=\"wp-block-columns are-vertically-aligned-center martine-block has-white-color has-text-color has-background is-layout-flex wp-container-core-columns-is-layout-28f84493 wp-block-columns-is-layout-flex\" style=\"background-color:#766c69\">\n<div class=\"wp-block-column is-vertically-aligned-center martine-text-wrapper is-layout-flow wp-block-column-is-layout-flow\">\n<div style=\"height:16px\" aria-hidden=\"true\" class=\"wp-block-spacer mobile-only\"><\/div>\n\n\n\n<figure class=\"wp-block-image alignleft size-large\"><img decoding=\"async\" src=\"https:\/\/cdn.essensedesigns.com\/uploads\/2022\/06\/M22-MartinaLianaLuxe-behind-the-design-3.svg\" alt=\"\" class=\"wp-image-99544\"\/><\/figure>\n\n\n\n<div style=\"height:16px\" aria-hidden=\"true\" class=\"wp-block-spacer\"><\/div>\n\n\n\n<p class=\"has-text-align-left m-auto max-780\">Mit \u00fcber 25 Jahren Erfahrung in der Brautmodenbranche wei\u00df Martine Harris, wie magisch es ist, einer Braut dabei zu helfen, ihr Traumkleid zu finden. Dieser unvergessliche Moment hat sie dazu veranlasst, ihr gleichnamiges Label Martina Liana zu entwickeln, eine weltweit f\u00fchrende Brautmodenmarke. Als Chief Creative Officer und Chefdesignerin verbindet Martine Harris ihre Leidenschaft f\u00fcr Stil und Design, um Couture-Hochzeitskleider zu kreieren, die so exquisit sind wie die Br\u00e4ute, die sie tragen.<\/p>\n\n\n\n<div style=\"height:24px\" aria-hidden=\"true\" class=\"wp-block-spacer\"><\/div>\n\n\n\n<div style=\"height:16px\" aria-hidden=\"true\" class=\"wp-block-spacer mobile-only\"><\/div>\n<\/div>\n\n\n\n<div class=\"wp-block-column is-vertically-aligned-center martine-image-wrapper is-layout-flow wp-block-column-is-layout-flow\">\n<figure class=\"wp-block-image size-full\"><img decoding=\"async\" src=\"https:\/\/cdn.essensedesigns.com\/uploads\/2023\/11\/ML-Martine-Block-1.png\" alt=\"\" class=\"wp-image-104589\"\/><\/figure>\n<\/div>\n<\/div>\n<\/div>\n\n\n\n<div style=\"height:10px\" aria-hidden=\"true\" class=\"wp-block-spacer\"><\/div>\n\n\n<div class=\"esen-fifty-fifty-block custom-block\">\n\t<div id=\"fiftyFiftyBlock-block_2c9be7bafbde36f99747dd7093e13bdb\" class=\"fiftyFiftyBlock alignfull\">\n\t\t<div data-esen-fifty-fifty-block=\"\" class=\"d-flex justify-content-center flex-row-reverse \">\n\t\t\t<div class=\"fifty-fifty-text-wrapper d-flex flex-column justify-content-center align-items-center \"\n\t\t\t\t\tstyle=\"background-color: transparent;\n\t\t\t\t\t\t\tbackground-image: url('');\">\n\t\t\t <div class=\"fifty-fifty-text d-flex flex-column justify-content-center\" style=\"color: #766c69;\">\n            <div class=\"fifty-fifty-description\"><p>Martine ist der Meinung, dass sich jede Braut an ihrem gr\u00f6\u00dften Tag wie die sch\u00f6nste Version ihrer selbst f\u00fchlen sollte. Jedes atemberaubende Design der Martina Liana-Kollektion verk\u00f6rpert Martines kreative Vision von hochwertigem High-Fashion-Design. Von pr\u00e4chtigen Stoffen und luxuri\u00f6sen Spitzen bis hin zu eindrucksvollen Details und unz\u00e4hligen Anpassungsm\u00f6glichkeiten bietet diese Kollektion laufsteginspirierte Modelle f\u00fcr die \u00e4u\u00dferst raffinierte Braut.<\/p>\n<\/div>\n            <a class=\"fifty-fifty-button btn btn-fill d-flex justify-content-center\" style=\"background-color: #766c69; color: #ffffff; align-self: flex-start; border-color: ;\"\n         href=\"https:\/\/essensedesigns.com\/de\/martina-liana\/wedding-dresses\/\" title=\"KLEIDER ANSEHEN\">KLEIDER ANSEHEN<\/a>\n        <\/div>\t\t\t<\/div>\n\n\t\t\t<!-- The main image column -->\n\t\t\t<div class=\"fifty-fifty-media-wrapper d-flex\" style=\"position: relative;\">\n\t\t\t    <div class=\"fifty-fifty-media\">\n            <img loading=\"lazy\" decoding=\"async\" class=\"fifty-fifty-image-file\" src=\"https:\/\/cdn.essensedesigns.com\/uploads\/2024\/01\/ML-Inline-1-2.jpg\" alt=\"\" width=\"700\" height=\"700\">\n        <\/div>                \t\t\t\t<div class=\"placeholder-glow\" style=\"position: absolute; width: 100%; height: 100%;\">\n\t\t\t\t\t<span class=\"placeholder\" style=\"width: 100%; height: 100%;\"><\/span>\n\t\t\t\t<\/div>\n\t\t\t<\/div>\n\t\t<\/div>\n\t<\/div>\n<\/div>\n\n\n\n<div style=\"height:25px\" aria-hidden=\"true\" class=\"wp-block-spacer\"><\/div>\n\n\n<div class=\"esen-fifty-fifty-block custom-block\">\n\t<div id=\"fiftyFiftyBlock-block_bdac1728b895c3c2c5f9bdb630c19847\" class=\"fiftyFiftyBlock alignfull\">\n\t\t<div data-esen-fifty-fifty-block=\"\" class=\"d-flex justify-content-center flex-row \">\n\t\t\t<div class=\"fifty-fifty-text-wrapper d-flex flex-column justify-content-center align-items-center \"\n\t\t\t\t\tstyle=\"background-color: transparent;\n\t\t\t\t\t\t\tbackground-image: url('');\">\n\t\t\t <div class=\"fifty-fifty-text d-flex flex-column justify-content-center\" style=\"color: #766c69;\">\n            <div class=\"fifty-fifty-description\"><p>Angetrieben von ihrem Wunsch, das Au\u00dfergew\u00f6hnliche hervorzuheben, gr\u00fcndete Martine Harris Martina Liana Luxe \u2013 ein Haute-Couture-Label f\u00fcr die Braut mit einem aussergew\u00f6hnlichem Geschmack und einem Auge f\u00fcr luxuri\u00f6se Details. Inspiriert vom Laufsteg und f\u00fcr den Altar entworfen, wird jede atemberaubende Silhouette der Kollektion von Martine und ihrem internationalen Designteam pers\u00f6nlich handgefertigt, um eine hervorragende Passform und ein erstklassiges Finish zu gew\u00e4hrleisten. F\u00fcr jedes Kleid werden nur die hochwertigsten Materialien der Welt und einzigartige Elemente verwendet. Mit Einzelheiten, die es nur bei Martina Liana Luxe gibt, setzt diese Kollektion neue Ma\u00dfst\u00e4be in Sachen Brautmode.<\/p>\n<\/div>\n            <a class=\"fifty-fifty-button btn btn-fill d-flex justify-content-center\" style=\"background-color: #766c69; color: #ffffff; align-self: flex-start; border-color: ;\"\n         href=\"https:\/\/essensedesigns.com\/de\/martina-liana\/martina-liana-luxe\/wedding-dresses\/\" title=\"KLEIDER ANSEHEN\">KLEIDER ANSEHEN<\/a>\n        <\/div>\t\t\t<\/div>\n\n\t\t\t<!-- The main image column -->\n\t\t\t<div class=\"fifty-fifty-media-wrapper d-flex\" style=\"position: relative;\">\n\t\t\t    <div class=\"fifty-fifty-media\">\n            <img loading=\"lazy\" decoding=\"async\" class=\"fifty-fifty-image-file\" src=\"https:\/\/cdn.essensedesigns.com\/uploads\/2024\/01\/ML-Inline-2-2.jpg\" alt=\"\" width=\"700\" height=\"700\">\n        <\/div>                \t\t\t\t<div class=\"placeholder-glow\" style=\"position: absolute; width: 100%; height: 100%;\">\n\t\t\t\t\t<span class=\"placeholder\" style=\"width: 100%; height: 100%;\"><\/span>\n\t\t\t\t<\/div>\n\t\t\t<\/div>\n\t\t<\/div>\n\t<\/div>\n<\/div>\n","protected":false},"excerpt":{"rendered":"<p>\u00dcber Martina Liana Mit \u00fcber 25 Jahren Erfahrung in der Brautmodenbranche wei\u00df Martine Harris, wie magisch es ist, einer Braut dabei zu helfen, ihr Traumkleid zu finden. Dieser unvergessliche Moment hat sie dazu veranlasst, ihr gleichnamiges Label Martina Liana zu entwickeln, eine weltweit f\u00fchrende Brautmodenmarke. Als Chief Creative Officer und Chefdesignerin verbindet Martine Harris ihre [&hellip;]<\/p>\n","protected":false},"author":4,"featured_media":113252,"parent":113272,"menu_order":0,"comment_status":"closed","ping_status":"closed","template":"template-brand-home.php","meta":{"_acf_changed":false,"footnotes":""},"class_list":["post-113250","page","type-page","status-publish","has-post-thumbnail","hentry"],"acf":[],"yoast_head":"<!-- This site is optimized with the Yoast SEO Premium plugin v25.7.1 (Yoast SEO v25.9) - https:\/\/yoast.com\/wordpress\/plugins\/seo\/ -->\n<title>\u00dcber uns | Martina Liana<\/title>\n<meta name=\"description\" content=\"Die Martina Liana Brautkleid-Kollektion \u2013 inspiriert und entworfen von Chefdesignerin Martine Harris und unserem internationalen Designteam \u2013 ist heute eine f\u00fchrende internationale Bridal-Marke.\" \/>\n<meta name=\"robots\" content=\"index, follow, max-snippet:-1, max-image-preview:large, max-video-preview:-1\" \/>\n<link rel=\"canonical\" href=\"https:\/\/test.essensedesigns.com\/de\/martina-liana\/uber-uns\/\" \/>\n<meta property=\"og:locale\" content=\"de_DE\" \/>\n<meta property=\"og:type\" content=\"article\" \/>\n<meta property=\"og:title\" content=\"\u00dcber uns\" \/>\n<meta property=\"og:description\" content=\"Die Martina Liana Brautkleid-Kollektion \u2013 inspiriert und entworfen von Chefdesignerin Martine Harris und unserem internationalen Designteam \u2013 ist heute eine f\u00fchrende internationale Bridal-Marke.\" \/>\n<meta property=\"og:url\" content=\"https:\/\/test.essensedesigns.com\/de\/martina-liana\/uber-uns\/\" \/>\n<meta property=\"og:site_name\" content=\"Essense of Australia\" \/>\n<meta property=\"article:publisher\" content=\"https:\/\/www.facebook.com\/essenseofaustralia\/\" \/>\n<meta property=\"article:modified_time\" content=\"2025-10-14T19:01:22+00:00\" \/>\n<meta property=\"og:image\" content=\"https:\/\/cdn.essensedesigns.com\/uploads\/2019\/05\/1110-1.jpg\" \/>\n\t<meta property=\"og:image:width\" content=\"1200\" \/>\n\t<meta property=\"og:image:height\" content=\"1914\" \/>\n\t<meta property=\"og:image:type\" content=\"image\/jpeg\" \/>\n<meta name=\"twitter:card\" content=\"summary_large_image\" \/>\n<meta name=\"twitter:label1\" content=\"Est. reading time\" \/>\n\t<meta name=\"twitter:data1\" content=\"2 minutes\" \/>\n<script type=\"application\/ld+json\" class=\"yoast-schema-graph\">{\"@context\":\"https:\/\/schema.org\",\"@graph\":[{\"@type\":\"WebPage\",\"@id\":\"https:\/\/test.essensedesigns.com\/de\/martina-liana\/uber-uns\/\",\"url\":\"https:\/\/test.essensedesigns.com\/de\/martina-liana\/uber-uns\/\",\"name\":\"\u00dcber uns | Martina Liana\",\"isPartOf\":{\"@id\":\"https:\/\/staging.essensedesigns.com\/#website\"},\"primaryImageOfPage\":{\"@id\":\"https:\/\/test.essensedesigns.com\/de\/martina-liana\/uber-uns\/#primaryimage\"},\"image\":{\"@id\":\"https:\/\/test.essensedesigns.com\/de\/martina-liana\/uber-uns\/#primaryimage\"},\"thumbnailUrl\":\"https:\/\/cdn.essensedesigns.com\/uploads\/2019\/05\/1110-1.jpg\",\"datePublished\":\"2015-11-20T19:56:40+00:00\",\"dateModified\":\"2025-10-14T19:01:22+00:00\",\"description\":\"Die Martina Liana Brautkleid-Kollektion \u2013 inspiriert und entworfen von Chefdesignerin Martine Harris und unserem internationalen Designteam \u2013 ist heute eine f\u00fchrende internationale Bridal-Marke.\",\"breadcrumb\":{\"@id\":\"https:\/\/test.essensedesigns.com\/de\/martina-liana\/uber-uns\/#breadcrumb\"},\"inLanguage\":\"de-DE\",\"potentialAction\":[{\"@type\":\"ReadAction\",\"target\":[\"https:\/\/test.essensedesigns.com\/de\/martina-liana\/uber-uns\/\"]}]},{\"@type\":\"ImageObject\",\"inLanguage\":\"de-DE\",\"@id\":\"https:\/\/test.essensedesigns.com\/de\/martina-liana\/uber-uns\/#primaryimage\",\"url\":\"https:\/\/cdn.essensedesigns.com\/uploads\/2019\/05\/1110-1.jpg\",\"contentUrl\":\"https:\/\/cdn.essensedesigns.com\/uploads\/2019\/05\/1110-1.jpg\",\"width\":\"1200\",\"height\":\"1914\"},{\"@type\":\"BreadcrumbList\",\"@id\":\"https:\/\/test.essensedesigns.com\/de\/martina-liana\/uber-uns\/#breadcrumb\",\"itemListElement\":[{\"@type\":\"ListItem\",\"position\":1,\"name\":\"Home\",\"item\":\"https:\/\/staging.essensedesigns.com\/de\/\"},{\"@type\":\"ListItem\",\"position\":2,\"name\":\"Martina Liana\",\"item\":\"https:\/\/test.essensedesigns.com\/de\/martina-liana\/\"},{\"@type\":\"ListItem\",\"position\":3,\"name\":\"\u00dcber uns\"}]},{\"@type\":\"WebSite\",\"@id\":\"https:\/\/staging.essensedesigns.com\/#website\",\"url\":\"https:\/\/staging.essensedesigns.com\/\",\"name\":\"Essense Designs\",\"description\":\"\",\"publisher\":{\"@id\":\"https:\/\/staging.essensedesigns.com\/#organization\"},\"potentialAction\":[{\"@type\":\"SearchAction\",\"target\":{\"@type\":\"EntryPoint\",\"urlTemplate\":\"https:\/\/staging.essensedesigns.com\/?s={search_term_string}\"},\"query-input\":{\"@type\":\"PropertyValueSpecification\",\"valueRequired\":true,\"valueName\":\"search_term_string\"}}],\"inLanguage\":\"de-DE\"},{\"@type\":\"Organization\",\"@id\":\"https:\/\/staging.essensedesigns.com\/#organization\",\"name\":\"Essense of Australia\",\"url\":\"https:\/\/staging.essensedesigns.com\/\",\"logo\":{\"@type\":\"ImageObject\",\"inLanguage\":\"de-DE\",\"@id\":\"https:\/\/staging.essensedesigns.com\/#\/schema\/logo\/image\/\",\"url\":\"https:\/\/cdn.essensedesigns.com\/uploads\/2022\/12\/essense_of_australia_logo_svg.svg\",\"contentUrl\":\"https:\/\/cdn.essensedesigns.com\/uploads\/2022\/12\/essense_of_australia_logo_svg.svg\",\"width\":279,\"height\":101,\"caption\":\"Essense of Australia\"},\"image\":{\"@id\":\"https:\/\/staging.essensedesigns.com\/#\/schema\/logo\/image\/\"},\"sameAs\":[\"https:\/\/www.facebook.com\/essenseofaustralia\/\",\"https:\/\/www.instagram.com\/essenseofaustralia\",\"https:\/\/www.pinterest.com\/essensedesigns\/\"]}]}<\/script>\n<!-- \/ Yoast SEO Premium plugin. -->","yoast_head_json":{"title":"\u00dcber uns | Martina Liana","description":"Die Martina Liana Brautkleid-Kollektion \u2013 inspiriert und entworfen von Chefdesignerin Martine Harris und unserem internationalen Designteam \u2013 ist heute eine f\u00fchrende internationale Bridal-Marke.","robots":{"index":"index","follow":"follow","max-snippet":"max-snippet:-1","max-image-preview":"max-image-preview:large","max-video-preview":"max-video-preview:-1"},"canonical":"https:\/\/test.essensedesigns.com\/de\/martina-liana\/uber-uns\/","og_locale":"de_DE","og_type":"article","og_title":"\u00dcber uns","og_description":"Die Martina Liana Brautkleid-Kollektion \u2013 inspiriert und entworfen von Chefdesignerin Martine Harris und unserem internationalen Designteam \u2013 ist heute eine f\u00fchrende internationale Bridal-Marke.","og_url":"https:\/\/test.essensedesigns.com\/de\/martina-liana\/uber-uns\/","og_site_name":"Essense of Australia","article_publisher":"https:\/\/www.facebook.com\/essenseofaustralia\/","article_modified_time":"2025-10-14T19:01:22+00:00","og_image":[{"width":1200,"height":1914,"url":"https:\/\/cdn.essensedesigns.com\/uploads\/2019\/05\/1110-1.jpg","type":"image\/jpeg"}],"twitter_card":"summary_large_image","twitter_misc":{"Est. reading time":"2 minutes"},"schema":{"@context":"https:\/\/schema.org","@graph":[{"@type":"WebPage","@id":"https:\/\/test.essensedesigns.com\/de\/martina-liana\/uber-uns\/","url":"https:\/\/test.essensedesigns.com\/de\/martina-liana\/uber-uns\/","name":"\u00dcber uns | Martina Liana","isPartOf":{"@id":"https:\/\/staging.essensedesigns.com\/#website"},"primaryImageOfPage":{"@id":"https:\/\/test.essensedesigns.com\/de\/martina-liana\/uber-uns\/#primaryimage"},"image":{"@id":"https:\/\/test.essensedesigns.com\/de\/martina-liana\/uber-uns\/#primaryimage"},"thumbnailUrl":"https:\/\/cdn.essensedesigns.com\/uploads\/2019\/05\/1110-1.jpg","datePublished":"2015-11-20T19:56:40+00:00","dateModified":"2025-10-14T19:01:22+00:00","description":"Die Martina Liana Brautkleid-Kollektion \u2013 inspiriert und entworfen von Chefdesignerin Martine Harris und unserem internationalen Designteam \u2013 ist heute eine f\u00fchrende internationale Bridal-Marke.","breadcrumb":{"@id":"https:\/\/test.essensedesigns.com\/de\/martina-liana\/uber-uns\/#breadcrumb"},"inLanguage":"de-DE","potentialAction":[{"@type":"ReadAction","target":["https:\/\/test.essensedesigns.com\/de\/martina-liana\/uber-uns\/"]}]},{"@type":"ImageObject","inLanguage":"de-DE","@id":"https:\/\/test.essensedesigns.com\/de\/martina-liana\/uber-uns\/#primaryimage","url":"https:\/\/cdn.essensedesigns.com\/uploads\/2019\/05\/1110-1.jpg","contentUrl":"https:\/\/cdn.essensedesigns.com\/uploads\/2019\/05\/1110-1.jpg","width":"1200","height":"1914"},{"@type":"BreadcrumbList","@id":"https:\/\/test.essensedesigns.com\/de\/martina-liana\/uber-uns\/#breadcrumb","itemListElement":[{"@type":"ListItem","position":1,"name":"Home","item":"https:\/\/staging.essensedesigns.com\/de\/"},{"@type":"ListItem","position":2,"name":"Martina Liana","item":"https:\/\/test.essensedesigns.com\/de\/martina-liana\/"},{"@type":"ListItem","position":3,"name":"\u00dcber uns"}]},{"@type":"WebSite","@id":"https:\/\/staging.essensedesigns.com\/#website","url":"https:\/\/staging.essensedesigns.com\/","name":"Essense Designs","description":"","publisher":{"@id":"https:\/\/staging.essensedesigns.com\/#organization"},"potentialAction":[{"@type":"SearchAction","target":{"@type":"EntryPoint","urlTemplate":"https:\/\/staging.essensedesigns.com\/?s={search_term_string}"},"query-input":{"@type":"PropertyValueSpecification","valueRequired":true,"valueName":"search_term_string"}}],"inLanguage":"de-DE"},{"@type":"Organization","@id":"https:\/\/staging.essensedesigns.com\/#organization","name":"Essense of Australia","url":"https:\/\/staging.essensedesigns.com\/","logo":{"@type":"ImageObject","inLanguage":"de-DE","@id":"https:\/\/staging.essensedesigns.com\/#\/schema\/logo\/image\/","url":"https:\/\/cdn.essensedesigns.com\/uploads\/2022\/12\/essense_of_australia_logo_svg.svg","contentUrl":"https:\/\/cdn.essensedesigns.com\/uploads\/2022\/12\/essense_of_australia_logo_svg.svg","width":279,"height":101,"caption":"Essense of Australia"},"image":{"@id":"https:\/\/staging.essensedesigns.com\/#\/schema\/logo\/image\/"},"sameAs":["https:\/\/www.facebook.com\/essenseofaustralia\/","https:\/\/www.instagram.com\/essenseofaustralia","https:\/\/www.pinterest.com\/essensedesigns\/"]}]}},"_links":{"self":[{"href":"https:\/\/test.essensedesigns.com\/de\/wp-json\/wp\/v2\/pages\/113250","targetHints":{"allow":["GET"]}}],"collection":[{"href":"https:\/\/test.essensedesigns.com\/de\/wp-json\/wp\/v2\/pages"}],"about":[{"href":"https:\/\/test.essensedesigns.com\/de\/wp-json\/wp\/v2\/types\/page"}],"author":[{"embeddable":true,"href":"https:\/\/test.essensedesigns.com\/de\/wp-json\/wp\/v2\/users\/4"}],"replies":[{"embeddable":true,"href":"https:\/\/test.essensedesigns.com\/de\/wp-json\/wp\/v2\/comments?post=113250"}],"version-history":[{"count":2,"href":"https:\/\/test.essensedesigns.com\/de\/wp-json\/wp\/v2\/pages\/113250\/revisions"}],"predecessor-version":[{"id":114836,"href":"https:\/\/test.essensedesigns.com\/de\/wp-json\/wp\/v2\/pages\/113250\/revisions\/114836"}],"up":[{"embeddable":true,"href":"https:\/\/test.essensedesigns.com\/de\/wp-json\/wp\/v2\/pages\/113272"}],"wp:featuredmedia":[{"embeddable":true,"href":"https:\/\/test.essensedesigns.com\/de\/wp-json\/wp\/v2\/media\/113252"}],"wp:attachment":[{"href":"https:\/\/test.essensedesigns.com\/de\/wp-json\/wp\/v2\/media?parent=113250"}],"curies":[{"name":"wp","href":"https:\/\/api.w.org\/{rel}","templated":true}]}}