{"id":113247,"date":"2015-11-20T14:57:20","date_gmt":"2015-11-20T20:57:20","guid":{"rendered":"https:\/\/www.essensedesigns.com\/about-us\/"},"modified":"2025-12-19T10:35:26","modified_gmt":"2025-12-19T16:35:26","slug":"about-us","status":"publish","type":"page","link":"https:\/\/test.essensedesigns.com\/de\/sorella-vita\/about-us\/","title":{"rendered":"About Us"},"content":{"rendered":"\n<figure class=\"wp-block-image size-large is-resized desktop-only m-auto\"><img loading=\"lazy\" decoding=\"async\" width=\"1024\" height=\"421\" src=\"https:\/\/cdn.essensedesigns.com\/uploads\/2024\/01\/SV-Hero_desktop-1-1024x421.jpg\" alt=\"Sorella Vita Bridesmaid dresses About Us\" class=\"wp-image-106023\" style=\"width:1400px\" srcset=\"https:\/\/cdn.essensedesigns.com\/uploads\/2024\/01\/SV-Hero_desktop-1-1024x421.jpg 1024w, https:\/\/cdn.essensedesigns.com\/uploads\/2024\/01\/SV-Hero_desktop-1-300x123.jpg 300w, https:\/\/cdn.essensedesigns.com\/uploads\/2024\/01\/SV-Hero_desktop-1-768x315.jpg 768w, https:\/\/cdn.essensedesigns.com\/uploads\/2024\/01\/SV-Hero_desktop-1-550x226.jpg 550w, https:\/\/cdn.essensedesigns.com\/uploads\/2024\/01\/SV-Hero_desktop-1-1000x411.jpg 1000w, https:\/\/cdn.essensedesigns.com\/uploads\/2024\/01\/SV-Hero_desktop-1.jpg 1400w\" sizes=\"auto, (max-width: 1024px) 100vw, 1024px\" \/><\/figure>\n\n\n\n<figure class=\"wp-block-image aligncenter size-full mobile-only m-auto\"><img loading=\"lazy\" decoding=\"async\" width=\"450\" height=\"800\" src=\"https:\/\/cdn.essensedesigns.com\/uploads\/2024\/01\/SV-Hero_mobile-1.jpg\" alt=\"Sorella Vita Bridesmaid dresses About Us\" class=\"wp-image-106025\" srcset=\"https:\/\/cdn.essensedesigns.com\/uploads\/2024\/01\/SV-Hero_mobile-1.jpg 450w, https:\/\/cdn.essensedesigns.com\/uploads\/2024\/01\/SV-Hero_mobile-1-169x300.jpg 169w, https:\/\/cdn.essensedesigns.com\/uploads\/2024\/01\/SV-Hero_mobile-1-422x750.jpg 422w\" sizes=\"auto, (max-width: 450px) 100vw, 450px\" \/><\/figure>\n\n\n\n<div style=\"height:20px\" aria-hidden=\"true\" class=\"wp-block-spacer\"><\/div>\n\n\n\n<h1 class=\"wp-block-heading\" id=\"h-uber-sorrella-vita\">\u00dcber Sorrella Vita<\/h1>\n\n\n<div class=\"esen-fifty-fifty-block custom-block\">\n\t<div id=\"fiftyFiftyBlock-block_9f85178d12cd0d94b91188528d0dc977\" class=\"fiftyFiftyBlock alignfull\">\n\t\t<div data-esen-fifty-fifty-block=\"\" class=\"d-flex justify-content-center flex-row-reverse \">\n\t\t\t<div class=\"fifty-fifty-text-wrapper d-flex flex-column justify-content-center align-items-center \"\n\t\t\t\t\tstyle=\"background-color: transparent;\n\t\t\t\t\t\t\tbackground-image: url('');\">\n\t\t\t <div class=\"fifty-fifty-text d-flex flex-column justify-content-center\" style=\"color: #666666;\">\n            <div class=\"fifty-fifty-description\"><p>Sorella Vita &#8211; was so viel bedeutet wie &#8220;Schwestern f\u00fcrs Leben&#8221; &#8211; ist eine Brautjungfernkleid-Kollektion mit zeitlosen und zugleich trendigen Designs, welche die Brautjungfern Jahre sp\u00e4ter noch begeistern werden. Mit einer pr\u00e4chtigen Palette an sensationellen Farben und \u00e4u\u00dferst schmeichelhaften Stoffen erweckt jedes Sorella Vita-Kleid die Vision der Braut zum Leben. Mit einer gro\u00dfen Auswahl an modischen Mustern und umwerfenden Silhouetten lassen sich die Kleider von Sorella Vita so kombinieren, dass sie den Stil von jeder Brautjungfer widerspiegeln. Ganz gleich, ob sie in die Kamera l\u00e4cheln oder auf der Tanzfl\u00e4che herumwirbeln, in den Kleidern von Sorella Vita werden sich die Brautjungfern rundum wohl und selbstbewusst f\u00fchlen. Mit den Kleidern von Sorella Vita k\u00f6nnen sich alle Brautjungfern von ihrer besten Seite zeigen und gleichzeitig lebenslange Erinnerungen mit der Braut schaffen.<\/p>\n<\/div>\n            <a class=\"fifty-fifty-button btn btn-fill d-flex justify-content-center\" style=\"background-color: #783951; color: #ffffff; align-self: flex-start; border-color: ;\"\n         href=\"https:\/\/www.essensedesigns.com\/de\/sorella-vita\/dresses\/\" title=\"Entdecke die Kleider\">Entdecke die Kleider<\/a>\n        <\/div>\t\t\t<\/div>\n\n\t\t\t<!-- The main image column -->\n\t\t\t<div class=\"fifty-fifty-media-wrapper d-flex\" style=\"position: relative;\">\n\t\t\t    <div class=\"fifty-fifty-media\">\n            <img loading=\"lazy\" decoding=\"async\" class=\"fifty-fifty-image-file\" src=\"https:\/\/cdn.essensedesigns.com\/uploads\/2024\/01\/SV-Inline-1-1.jpg\" alt=\"\" width=\"700\" height=\"700\">\n        <\/div>                \t\t\t\t<div class=\"placeholder-glow\" style=\"position: absolute; width: 100%; height: 100%;\">\n\t\t\t\t\t<span class=\"placeholder\" style=\"width: 100%; height: 100%;\"><\/span>\n\t\t\t\t<\/div>\n\t\t\t<\/div>\n\t\t<\/div>\n\t<\/div>\n<\/div>\n","protected":false},"excerpt":{"rendered":"<p>\u00dcber Sorrella Vita<\/p>\n","protected":false},"author":4,"featured_media":113249,"parent":113262,"menu_order":0,"comment_status":"closed","ping_status":"closed","template":"template-brand-home.php","meta":{"_acf_changed":false,"footnotes":""},"class_list":["post-113247","page","type-page","status-publish","has-post-thumbnail","hentry"],"acf":[],"yoast_head":"<!-- This site is optimized with the Yoast SEO Premium plugin v25.7.1 (Yoast SEO v25.9) - https:\/\/yoast.com\/wordpress\/plugins\/seo\/ -->\n<title>\u00dcber uns | Sorella Vita<\/title>\n<meta name=\"description\" content=\"Die Sorella Vita Brautjungfernkollektion bringt die hei\u00dfesten Laufstegtrends und aktuellen Red-Carpet-Looks in die Hochzeitsgasse.\" \/>\n<meta name=\"robots\" content=\"index, follow, max-snippet:-1, max-image-preview:large, max-video-preview:-1\" \/>\n<link rel=\"canonical\" href=\"https:\/\/www.essensedesigns.com\/de\/sorella-vita\/about-us\/\" \/>\n<meta property=\"og:locale\" content=\"de_DE\" \/>\n<meta property=\"og:type\" content=\"article\" \/>\n<meta property=\"og:title\" content=\"About Us\" \/>\n<meta property=\"og:description\" content=\"Die Sorella Vita Brautjungfernkollektion bringt die hei\u00dfesten Laufstegtrends und aktuellen Red-Carpet-Looks in die Hochzeitsgasse.\" \/>\n<meta property=\"og:url\" content=\"https:\/\/www.essensedesigns.com\/de\/sorella-vita\/about-us\/\" \/>\n<meta property=\"og:site_name\" content=\"Essense of Australia\" \/>\n<meta property=\"article:publisher\" content=\"https:\/\/www.facebook.com\/essenseofaustralia\/\" \/>\n<meta property=\"article:modified_time\" content=\"2025-12-19T16:35:26+00:00\" \/>\n<meta property=\"og:image\" content=\"https:\/\/cdn.essensedesigns.com\/uploads\/2019\/07\/Sorella-Vita-D3-2019-9258.9296.9094.9048.9224-A5.jpg\" \/>\n\t<meta property=\"og:image:width\" content=\"1200\" \/>\n\t<meta property=\"og:image:height\" content=\"1914\" \/>\n\t<meta property=\"og:image:type\" content=\"image\/jpeg\" \/>\n<meta name=\"twitter:card\" content=\"summary_large_image\" \/>\n<meta name=\"twitter:label1\" content=\"Est. reading time\" \/>\n\t<meta name=\"twitter:data1\" content=\"1 minute\" \/>\n<script type=\"application\/ld+json\" class=\"yoast-schema-graph\">{\"@context\":\"https:\/\/schema.org\",\"@graph\":[{\"@type\":\"WebPage\",\"@id\":\"https:\/\/test.essensedesigns.com\/de\/sorella-vita\/about-us\/\",\"url\":\"https:\/\/www.essensedesigns.com\/de\/sorella-vita\/about-us\/\",\"name\":\"\u00dcber uns | Sorella Vita\",\"isPartOf\":{\"@id\":\"https:\/\/staging.essensedesigns.com\/#website\"},\"primaryImageOfPage\":{\"@id\":\"https:\/\/www.essensedesigns.com\/de\/sorella-vita\/about-us\/#primaryimage\"},\"image\":{\"@id\":\"https:\/\/www.essensedesigns.com\/de\/sorella-vita\/about-us\/#primaryimage\"},\"thumbnailUrl\":\"https:\/\/cdn.essensedesigns.com\/uploads\/2019\/07\/Sorella-Vita-D3-2019-9258.9296.9094.9048.9224-A5.jpg\",\"datePublished\":\"2015-11-20T20:57:20+00:00\",\"dateModified\":\"2025-12-19T16:35:26+00:00\",\"description\":\"Die Sorella Vita Brautjungfernkollektion bringt die hei\u00dfesten Laufstegtrends und aktuellen Red-Carpet-Looks in die Hochzeitsgasse.\",\"breadcrumb\":{\"@id\":\"https:\/\/www.essensedesigns.com\/de\/sorella-vita\/about-us\/#breadcrumb\"},\"inLanguage\":\"de-DE\",\"potentialAction\":[{\"@type\":\"ReadAction\",\"target\":[\"https:\/\/www.essensedesigns.com\/de\/sorella-vita\/about-us\/\"]}]},{\"@type\":\"ImageObject\",\"inLanguage\":\"de-DE\",\"@id\":\"https:\/\/www.essensedesigns.com\/de\/sorella-vita\/about-us\/#primaryimage\",\"url\":\"https:\/\/cdn.essensedesigns.com\/uploads\/2019\/07\/Sorella-Vita-D3-2019-9258.9296.9094.9048.9224-A5.jpg\",\"contentUrl\":\"https:\/\/cdn.essensedesigns.com\/uploads\/2019\/07\/Sorella-Vita-D3-2019-9258.9296.9094.9048.9224-A5.jpg\",\"width\":\"1200\",\"height\":\"1914\"},{\"@type\":\"BreadcrumbList\",\"@id\":\"https:\/\/www.essensedesigns.com\/de\/sorella-vita\/about-us\/#breadcrumb\",\"itemListElement\":[{\"@type\":\"ListItem\",\"position\":1,\"name\":\"Home\",\"item\":\"https:\/\/staging.essensedesigns.com\/de\/\"},{\"@type\":\"ListItem\",\"position\":2,\"name\":\"Sorella Vita\",\"item\":\"https:\/\/test.essensedesigns.com\/de\/sorella-vita\/\"},{\"@type\":\"ListItem\",\"position\":3,\"name\":\"About Us\"}]},{\"@type\":\"WebSite\",\"@id\":\"https:\/\/staging.essensedesigns.com\/#website\",\"url\":\"https:\/\/staging.essensedesigns.com\/\",\"name\":\"Essense Designs\",\"description\":\"\",\"publisher\":{\"@id\":\"https:\/\/staging.essensedesigns.com\/#organization\"},\"potentialAction\":[{\"@type\":\"SearchAction\",\"target\":{\"@type\":\"EntryPoint\",\"urlTemplate\":\"https:\/\/staging.essensedesigns.com\/?s={search_term_string}\"},\"query-input\":{\"@type\":\"PropertyValueSpecification\",\"valueRequired\":true,\"valueName\":\"search_term_string\"}}],\"inLanguage\":\"de-DE\"},{\"@type\":\"Organization\",\"@id\":\"https:\/\/staging.essensedesigns.com\/#organization\",\"name\":\"Essense of Australia\",\"url\":\"https:\/\/staging.essensedesigns.com\/\",\"logo\":{\"@type\":\"ImageObject\",\"inLanguage\":\"de-DE\",\"@id\":\"https:\/\/staging.essensedesigns.com\/#\/schema\/logo\/image\/\",\"url\":\"https:\/\/cdn.essensedesigns.com\/uploads\/2022\/12\/essense_of_australia_logo_svg.svg\",\"contentUrl\":\"https:\/\/cdn.essensedesigns.com\/uploads\/2022\/12\/essense_of_australia_logo_svg.svg\",\"width\":279,\"height\":101,\"caption\":\"Essense of Australia\"},\"image\":{\"@id\":\"https:\/\/staging.essensedesigns.com\/#\/schema\/logo\/image\/\"},\"sameAs\":[\"https:\/\/www.facebook.com\/essenseofaustralia\/\",\"https:\/\/www.instagram.com\/essenseofaustralia\",\"https:\/\/www.pinterest.com\/essensedesigns\/\"]}]}<\/script>\n<!-- \/ Yoast SEO Premium plugin. -->","yoast_head_json":{"title":"\u00dcber uns | Sorella Vita","description":"Die Sorella Vita Brautjungfernkollektion bringt die hei\u00dfesten Laufstegtrends und aktuellen Red-Carpet-Looks in die Hochzeitsgasse.","robots":{"index":"index","follow":"follow","max-snippet":"max-snippet:-1","max-image-preview":"max-image-preview:large","max-video-preview":"max-video-preview:-1"},"canonical":"https:\/\/www.essensedesigns.com\/de\/sorella-vita\/about-us\/","og_locale":"de_DE","og_type":"article","og_title":"About Us","og_description":"Die Sorella Vita Brautjungfernkollektion bringt die hei\u00dfesten Laufstegtrends und aktuellen Red-Carpet-Looks in die Hochzeitsgasse.","og_url":"https:\/\/www.essensedesigns.com\/de\/sorella-vita\/about-us\/","og_site_name":"Essense of Australia","article_publisher":"https:\/\/www.facebook.com\/essenseofaustralia\/","article_modified_time":"2025-12-19T16:35:26+00:00","og_image":[{"width":1200,"height":1914,"url":"https:\/\/cdn.essensedesigns.com\/uploads\/2019\/07\/Sorella-Vita-D3-2019-9258.9296.9094.9048.9224-A5.jpg","type":"image\/jpeg"}],"twitter_card":"summary_large_image","twitter_misc":{"Est. reading time":"1 minute"},"schema":{"@context":"https:\/\/schema.org","@graph":[{"@type":"WebPage","@id":"https:\/\/test.essensedesigns.com\/de\/sorella-vita\/about-us\/","url":"https:\/\/www.essensedesigns.com\/de\/sorella-vita\/about-us\/","name":"\u00dcber uns | Sorella Vita","isPartOf":{"@id":"https:\/\/staging.essensedesigns.com\/#website"},"primaryImageOfPage":{"@id":"https:\/\/www.essensedesigns.com\/de\/sorella-vita\/about-us\/#primaryimage"},"image":{"@id":"https:\/\/www.essensedesigns.com\/de\/sorella-vita\/about-us\/#primaryimage"},"thumbnailUrl":"https:\/\/cdn.essensedesigns.com\/uploads\/2019\/07\/Sorella-Vita-D3-2019-9258.9296.9094.9048.9224-A5.jpg","datePublished":"2015-11-20T20:57:20+00:00","dateModified":"2025-12-19T16:35:26+00:00","description":"Die Sorella Vita Brautjungfernkollektion bringt die hei\u00dfesten Laufstegtrends und aktuellen Red-Carpet-Looks in die Hochzeitsgasse.","breadcrumb":{"@id":"https:\/\/www.essensedesigns.com\/de\/sorella-vita\/about-us\/#breadcrumb"},"inLanguage":"de-DE","potentialAction":[{"@type":"ReadAction","target":["https:\/\/www.essensedesigns.com\/de\/sorella-vita\/about-us\/"]}]},{"@type":"ImageObject","inLanguage":"de-DE","@id":"https:\/\/www.essensedesigns.com\/de\/sorella-vita\/about-us\/#primaryimage","url":"https:\/\/cdn.essensedesigns.com\/uploads\/2019\/07\/Sorella-Vita-D3-2019-9258.9296.9094.9048.9224-A5.jpg","contentUrl":"https:\/\/cdn.essensedesigns.com\/uploads\/2019\/07\/Sorella-Vita-D3-2019-9258.9296.9094.9048.9224-A5.jpg","width":"1200","height":"1914"},{"@type":"BreadcrumbList","@id":"https:\/\/www.essensedesigns.com\/de\/sorella-vita\/about-us\/#breadcrumb","itemListElement":[{"@type":"ListItem","position":1,"name":"Home","item":"https:\/\/staging.essensedesigns.com\/de\/"},{"@type":"ListItem","position":2,"name":"Sorella Vita","item":"https:\/\/test.essensedesigns.com\/de\/sorella-vita\/"},{"@type":"ListItem","position":3,"name":"About Us"}]},{"@type":"WebSite","@id":"https:\/\/staging.essensedesigns.com\/#website","url":"https:\/\/staging.essensedesigns.com\/","name":"Essense Designs","description":"","publisher":{"@id":"https:\/\/staging.essensedesigns.com\/#organization"},"potentialAction":[{"@type":"SearchAction","target":{"@type":"EntryPoint","urlTemplate":"https:\/\/staging.essensedesigns.com\/?s={search_term_string}"},"query-input":{"@type":"PropertyValueSpecification","valueRequired":true,"valueName":"search_term_string"}}],"inLanguage":"de-DE"},{"@type":"Organization","@id":"https:\/\/staging.essensedesigns.com\/#organization","name":"Essense of Australia","url":"https:\/\/staging.essensedesigns.com\/","logo":{"@type":"ImageObject","inLanguage":"de-DE","@id":"https:\/\/staging.essensedesigns.com\/#\/schema\/logo\/image\/","url":"https:\/\/cdn.essensedesigns.com\/uploads\/2022\/12\/essense_of_australia_logo_svg.svg","contentUrl":"https:\/\/cdn.essensedesigns.com\/uploads\/2022\/12\/essense_of_australia_logo_svg.svg","width":279,"height":101,"caption":"Essense of Australia"},"image":{"@id":"https:\/\/staging.essensedesigns.com\/#\/schema\/logo\/image\/"},"sameAs":["https:\/\/www.facebook.com\/essenseofaustralia\/","https:\/\/www.instagram.com\/essenseofaustralia","https:\/\/www.pinterest.com\/essensedesigns\/"]}]}},"_links":{"self":[{"href":"https:\/\/test.essensedesigns.com\/de\/wp-json\/wp\/v2\/pages\/113247","targetHints":{"allow":["GET"]}}],"collection":[{"href":"https:\/\/test.essensedesigns.com\/de\/wp-json\/wp\/v2\/pages"}],"about":[{"href":"https:\/\/test.essensedesigns.com\/de\/wp-json\/wp\/v2\/types\/page"}],"author":[{"embeddable":true,"href":"https:\/\/test.essensedesigns.com\/de\/wp-json\/wp\/v2\/users\/4"}],"replies":[{"embeddable":true,"href":"https:\/\/test.essensedesigns.com\/de\/wp-json\/wp\/v2\/comments?post=113247"}],"version-history":[{"count":2,"href":"https:\/\/test.essensedesigns.com\/de\/wp-json\/wp\/v2\/pages\/113247\/revisions"}],"predecessor-version":[{"id":114832,"href":"https:\/\/test.essensedesigns.com\/de\/wp-json\/wp\/v2\/pages\/113247\/revisions\/114832"}],"up":[{"embeddable":true,"href":"https:\/\/test.essensedesigns.com\/de\/wp-json\/wp\/v2\/pages\/113262"}],"wp:featuredmedia":[{"embeddable":true,"href":"https:\/\/test.essensedesigns.com\/de\/wp-json\/wp\/v2\/media\/113249"}],"wp:attachment":[{"href":"https:\/\/test.essensedesigns.com\/de\/wp-json\/wp\/v2\/media?parent=113247"}],"curies":[{"name":"wp","href":"https:\/\/api.w.org\/{rel}","templated":true}]}}