{"id":113245,"date":"2015-11-25T17:38:17","date_gmt":"2015-11-25T23:38:17","guid":{"rendered":"https:\/\/www.essensedesigns.com\/trunk-shows-2\/"},"modified":"2025-10-14T13:50:37","modified_gmt":"2025-10-14T18:50:37","slug":"designer-shows","status":"publish","type":"page","link":"https:\/\/test.essensedesigns.com\/de\/martina-liana\/designer-shows\/","title":{"rendered":"Designer-Shows"},"content":{"rendered":"\n<div style=\"height:58px\" aria-hidden=\"true\" class=\"wp-block-spacer\"><\/div>\n\n\n\n<h3 class=\"wp-block-heading\" id=\"h-was-ist-eine-designer-show\">Was ist eine Designer-Show?<\/h3>\n\n\n\n<p>A Martina Liana \u00a0ist, einfach ausgedr\u00fcckt, das ultimative, pers\u00f6nliche\u00a0Einkaufserlebnis f\u00fcr die Braut. Am Tag der Veranstaltung zeigt ein autorisiertes Fachgesch\u00e4ft\u00a0die neuesten Brautkleiderkreationen von Essense of Australia. Br\u00e4ute k\u00f6nnen f\u00fcr diesen Tag\u00a0einen Termin ausmachen und auch Kleider anprobieren, die das Gesch\u00e4ft normalerweise\u00a0nicht f\u00fchrt. Bei ausgew\u00e4hlten Veranstaltungen sind der Designer und\/oder Repr\u00e4sentanten\u00a0von Essense of Australia anwesend und stehen Rede und Antwort bei Fragen zu Inspiration,\u00a0Trends und Details zu jedem einzelnen Kleid.<br><\/p>\n","protected":false},"excerpt":{"rendered":"<p>Was ist eine Designer-Show? A Martina Liana \u00a0ist, einfach ausgedr\u00fcckt, das ultimative, pers\u00f6nliche\u00a0Einkaufserlebnis f\u00fcr die Braut. Am Tag der Veranstaltung zeigt ein autorisiertes Fachgesch\u00e4ft\u00a0die neuesten Brautkleiderkreationen von Essense of Australia. Br\u00e4ute k\u00f6nnen f\u00fcr diesen Tag\u00a0einen Termin ausmachen und auch Kleider anprobieren, die das Gesch\u00e4ft normalerweise\u00a0nicht f\u00fchrt. Bei ausgew\u00e4hlten Veranstaltungen sind der Designer und\/oder Repr\u00e4sentanten\u00a0von Essense [&hellip;]<\/p>\n","protected":false},"author":2,"featured_media":0,"parent":113272,"menu_order":0,"comment_status":"closed","ping_status":"closed","template":"template-designer-shows-search.php","meta":{"_acf_changed":false,"footnotes":""},"class_list":["post-113245","page","type-page","status-publish","hentry"],"acf":[],"yoast_head":"<!-- This site is optimized with the Yoast SEO Premium plugin v25.7.1 (Yoast SEO v25.9) - https:\/\/yoast.com\/wordpress\/plugins\/seo\/ -->\n<title>Trunk Shows | Martina Liana Hochzeitskleider<\/title>\n<meta name=\"description\" content=\"Erfahren Sie, wann einer unserer exklusiven Martina Liana Trunk Show Termine in Ihrer N\u00e4he stattfindet.\" \/>\n<meta name=\"robots\" content=\"index, follow, max-snippet:-1, max-image-preview:large, max-video-preview:-1\" \/>\n<link rel=\"canonical\" href=\"https:\/\/test.essensedesigns.com\/de\/martina-liana\/designer-shows\/\" \/>\n<meta property=\"og:locale\" content=\"de_DE\" \/>\n<meta property=\"og:type\" content=\"article\" \/>\n<meta property=\"og:title\" content=\"Designer-Shows\" \/>\n<meta property=\"og:description\" content=\"Erfahren Sie, wann einer unserer exklusiven Martina Liana Trunk Show Termine in Ihrer N\u00e4he stattfindet.\" \/>\n<meta property=\"og:url\" content=\"https:\/\/test.essensedesigns.com\/de\/martina-liana\/designer-shows\/\" \/>\n<meta property=\"og:site_name\" content=\"Essense of Australia\" \/>\n<meta property=\"article:publisher\" content=\"https:\/\/www.facebook.com\/essenseofaustralia\/\" \/>\n<meta property=\"article:modified_time\" content=\"2025-10-14T18:50:37+00:00\" \/>\n<meta property=\"og:image\" content=\"https:\/\/cdn.essensedesigns.com\/uploads\/2022\/09\/social-share-logo-image.jpg\" \/>\n\t<meta property=\"og:image:width\" content=\"1080\" \/>\n\t<meta property=\"og:image:height\" content=\"1080\" \/>\n\t<meta property=\"og:image:type\" content=\"image\/jpeg\" \/>\n<meta name=\"twitter:card\" content=\"summary_large_image\" \/>\n<meta name=\"twitter:label1\" content=\"Est. reading time\" \/>\n\t<meta name=\"twitter:data1\" content=\"1 minute\" \/>\n<script type=\"application\/ld+json\" class=\"yoast-schema-graph\">{\"@context\":\"https:\/\/schema.org\",\"@graph\":[{\"@type\":\"WebPage\",\"@id\":\"https:\/\/test.essensedesigns.com\/de\/martina-liana\/designer-shows\/\",\"url\":\"https:\/\/test.essensedesigns.com\/de\/martina-liana\/designer-shows\/\",\"name\":\"Trunk Shows | Martina Liana Hochzeitskleider\",\"isPartOf\":{\"@id\":\"https:\/\/staging.essensedesigns.com\/#website\"},\"datePublished\":\"2015-11-25T23:38:17+00:00\",\"dateModified\":\"2025-10-14T18:50:37+00:00\",\"description\":\"Erfahren Sie, wann einer unserer exklusiven Martina Liana Trunk Show Termine in Ihrer N\u00e4he stattfindet.\",\"breadcrumb\":{\"@id\":\"https:\/\/test.essensedesigns.com\/de\/martina-liana\/designer-shows\/#breadcrumb\"},\"inLanguage\":\"de-DE\",\"potentialAction\":[{\"@type\":\"ReadAction\",\"target\":[\"https:\/\/test.essensedesigns.com\/de\/martina-liana\/designer-shows\/\"]}]},{\"@type\":\"BreadcrumbList\",\"@id\":\"https:\/\/test.essensedesigns.com\/de\/martina-liana\/designer-shows\/#breadcrumb\",\"itemListElement\":[{\"@type\":\"ListItem\",\"position\":1,\"name\":\"Home\",\"item\":\"https:\/\/staging.essensedesigns.com\/de\/\"},{\"@type\":\"ListItem\",\"position\":2,\"name\":\"Martina Liana\",\"item\":\"https:\/\/test.essensedesigns.com\/de\/martina-liana\/\"},{\"@type\":\"ListItem\",\"position\":3,\"name\":\"Designer-Shows\"}]},{\"@type\":\"WebSite\",\"@id\":\"https:\/\/staging.essensedesigns.com\/#website\",\"url\":\"https:\/\/staging.essensedesigns.com\/\",\"name\":\"Essense Designs\",\"description\":\"\",\"publisher\":{\"@id\":\"https:\/\/staging.essensedesigns.com\/#organization\"},\"potentialAction\":[{\"@type\":\"SearchAction\",\"target\":{\"@type\":\"EntryPoint\",\"urlTemplate\":\"https:\/\/staging.essensedesigns.com\/?s={search_term_string}\"},\"query-input\":{\"@type\":\"PropertyValueSpecification\",\"valueRequired\":true,\"valueName\":\"search_term_string\"}}],\"inLanguage\":\"de-DE\"},{\"@type\":\"Organization\",\"@id\":\"https:\/\/staging.essensedesigns.com\/#organization\",\"name\":\"Essense of Australia\",\"url\":\"https:\/\/staging.essensedesigns.com\/\",\"logo\":{\"@type\":\"ImageObject\",\"inLanguage\":\"de-DE\",\"@id\":\"https:\/\/staging.essensedesigns.com\/#\/schema\/logo\/image\/\",\"url\":\"https:\/\/cdn.essensedesigns.com\/uploads\/2022\/12\/essense_of_australia_logo_svg.svg\",\"contentUrl\":\"https:\/\/cdn.essensedesigns.com\/uploads\/2022\/12\/essense_of_australia_logo_svg.svg\",\"width\":279,\"height\":101,\"caption\":\"Essense of Australia\"},\"image\":{\"@id\":\"https:\/\/staging.essensedesigns.com\/#\/schema\/logo\/image\/\"},\"sameAs\":[\"https:\/\/www.facebook.com\/essenseofaustralia\/\",\"https:\/\/www.instagram.com\/essenseofaustralia\",\"https:\/\/www.pinterest.com\/essensedesigns\/\"]}]}<\/script>\n<!-- \/ Yoast SEO Premium plugin. -->","yoast_head_json":{"title":"Trunk Shows | Martina Liana Hochzeitskleider","description":"Erfahren Sie, wann einer unserer exklusiven Martina Liana Trunk Show Termine in Ihrer N\u00e4he stattfindet.","robots":{"index":"index","follow":"follow","max-snippet":"max-snippet:-1","max-image-preview":"max-image-preview:large","max-video-preview":"max-video-preview:-1"},"canonical":"https:\/\/test.essensedesigns.com\/de\/martina-liana\/designer-shows\/","og_locale":"de_DE","og_type":"article","og_title":"Designer-Shows","og_description":"Erfahren Sie, wann einer unserer exklusiven Martina Liana Trunk Show Termine in Ihrer N\u00e4he stattfindet.","og_url":"https:\/\/test.essensedesigns.com\/de\/martina-liana\/designer-shows\/","og_site_name":"Essense of Australia","article_publisher":"https:\/\/www.facebook.com\/essenseofaustralia\/","article_modified_time":"2025-10-14T18:50:37+00:00","og_image":[{"width":1080,"height":1080,"url":"https:\/\/cdn.essensedesigns.com\/uploads\/2022\/09\/social-share-logo-image.jpg","type":"image\/jpeg"}],"twitter_card":"summary_large_image","twitter_misc":{"Est. reading time":"1 minute"},"schema":{"@context":"https:\/\/schema.org","@graph":[{"@type":"WebPage","@id":"https:\/\/test.essensedesigns.com\/de\/martina-liana\/designer-shows\/","url":"https:\/\/test.essensedesigns.com\/de\/martina-liana\/designer-shows\/","name":"Trunk Shows | Martina Liana Hochzeitskleider","isPartOf":{"@id":"https:\/\/staging.essensedesigns.com\/#website"},"datePublished":"2015-11-25T23:38:17+00:00","dateModified":"2025-10-14T18:50:37+00:00","description":"Erfahren Sie, wann einer unserer exklusiven Martina Liana Trunk Show Termine in Ihrer N\u00e4he stattfindet.","breadcrumb":{"@id":"https:\/\/test.essensedesigns.com\/de\/martina-liana\/designer-shows\/#breadcrumb"},"inLanguage":"de-DE","potentialAction":[{"@type":"ReadAction","target":["https:\/\/test.essensedesigns.com\/de\/martina-liana\/designer-shows\/"]}]},{"@type":"BreadcrumbList","@id":"https:\/\/test.essensedesigns.com\/de\/martina-liana\/designer-shows\/#breadcrumb","itemListElement":[{"@type":"ListItem","position":1,"name":"Home","item":"https:\/\/staging.essensedesigns.com\/de\/"},{"@type":"ListItem","position":2,"name":"Martina Liana","item":"https:\/\/test.essensedesigns.com\/de\/martina-liana\/"},{"@type":"ListItem","position":3,"name":"Designer-Shows"}]},{"@type":"WebSite","@id":"https:\/\/staging.essensedesigns.com\/#website","url":"https:\/\/staging.essensedesigns.com\/","name":"Essense Designs","description":"","publisher":{"@id":"https:\/\/staging.essensedesigns.com\/#organization"},"potentialAction":[{"@type":"SearchAction","target":{"@type":"EntryPoint","urlTemplate":"https:\/\/staging.essensedesigns.com\/?s={search_term_string}"},"query-input":{"@type":"PropertyValueSpecification","valueRequired":true,"valueName":"search_term_string"}}],"inLanguage":"de-DE"},{"@type":"Organization","@id":"https:\/\/staging.essensedesigns.com\/#organization","name":"Essense of Australia","url":"https:\/\/staging.essensedesigns.com\/","logo":{"@type":"ImageObject","inLanguage":"de-DE","@id":"https:\/\/staging.essensedesigns.com\/#\/schema\/logo\/image\/","url":"https:\/\/cdn.essensedesigns.com\/uploads\/2022\/12\/essense_of_australia_logo_svg.svg","contentUrl":"https:\/\/cdn.essensedesigns.com\/uploads\/2022\/12\/essense_of_australia_logo_svg.svg","width":279,"height":101,"caption":"Essense of Australia"},"image":{"@id":"https:\/\/staging.essensedesigns.com\/#\/schema\/logo\/image\/"},"sameAs":["https:\/\/www.facebook.com\/essenseofaustralia\/","https:\/\/www.instagram.com\/essenseofaustralia","https:\/\/www.pinterest.com\/essensedesigns\/"]}]}},"_links":{"self":[{"href":"https:\/\/test.essensedesigns.com\/de\/wp-json\/wp\/v2\/pages\/113245","targetHints":{"allow":["GET"]}}],"collection":[{"href":"https:\/\/test.essensedesigns.com\/de\/wp-json\/wp\/v2\/pages"}],"about":[{"href":"https:\/\/test.essensedesigns.com\/de\/wp-json\/wp\/v2\/types\/page"}],"author":[{"embeddable":true,"href":"https:\/\/test.essensedesigns.com\/de\/wp-json\/wp\/v2\/users\/2"}],"replies":[{"embeddable":true,"href":"https:\/\/test.essensedesigns.com\/de\/wp-json\/wp\/v2\/comments?post=113245"}],"version-history":[{"count":1,"href":"https:\/\/test.essensedesigns.com\/de\/wp-json\/wp\/v2\/pages\/113245\/revisions"}],"predecessor-version":[{"id":114585,"href":"https:\/\/test.essensedesigns.com\/de\/wp-json\/wp\/v2\/pages\/113245\/revisions\/114585"}],"up":[{"embeddable":true,"href":"https:\/\/test.essensedesigns.com\/de\/wp-json\/wp\/v2\/pages\/113272"}],"wp:attachment":[{"href":"https:\/\/test.essensedesigns.com\/de\/wp-json\/wp\/v2\/media?parent=113245"}],"curies":[{"name":"wp","href":"https:\/\/api.w.org\/{rel}","templated":true}]}}