{"id":113195,"date":"2019-11-13T09:56:09","date_gmt":"2019-11-13T15:56:09","guid":{"rendered":"https:\/\/www.essensedesigns.com\/all-who-wander\/about-us\/"},"modified":"2025-10-14T13:47:06","modified_gmt":"2025-10-14T18:47:06","slug":"about-us","status":"publish","type":"page","link":"https:\/\/test.essensedesigns.com\/de\/all-who-wander-2\/about-us\/","title":{"rendered":"\u00dcber uns"},"content":{"rendered":"\n<figure class=\"wp-block-image size-large is-resized desktop-only\"><img loading=\"lazy\" decoding=\"async\" width=\"1024\" height=\"421\" src=\"https:\/\/cdn.essensedesigns.com\/uploads\/2024\/01\/AWW-Hero_desktop-1-1024x421.jpg\" alt=\"All Who Wander Bridal Gowns About Us\" class=\"wp-image-105984\" style=\"width:1400px;height:auto\" srcset=\"https:\/\/cdn.essensedesigns.com\/uploads\/2024\/01\/AWW-Hero_desktop-1-1024x421.jpg 1024w, https:\/\/cdn.essensedesigns.com\/uploads\/2024\/01\/AWW-Hero_desktop-1-300x123.jpg 300w, https:\/\/cdn.essensedesigns.com\/uploads\/2024\/01\/AWW-Hero_desktop-1-768x315.jpg 768w, https:\/\/cdn.essensedesigns.com\/uploads\/2024\/01\/AWW-Hero_desktop-1-550x226.jpg 550w, https:\/\/cdn.essensedesigns.com\/uploads\/2024\/01\/AWW-Hero_desktop-1-1000x411.jpg 1000w, https:\/\/cdn.essensedesigns.com\/uploads\/2024\/01\/AWW-Hero_desktop-1.jpg 1400w\" sizes=\"auto, (max-width: 1024px) 100vw, 1024px\" \/><\/figure>\n\n\n\n<figure class=\"wp-block-image aligncenter size-full mobile-only m-auto\"><img loading=\"lazy\" decoding=\"async\" width=\"450\" height=\"800\" src=\"https:\/\/cdn.essensedesigns.com\/uploads\/2024\/01\/AWW-Hero_mobile-1-3.jpg\" alt=\"All Who Wander Bridal Gowns About Us\" class=\"wp-image-105996\" srcset=\"https:\/\/cdn.essensedesigns.com\/uploads\/2024\/01\/AWW-Hero_mobile-1-3.jpg 450w, https:\/\/cdn.essensedesigns.com\/uploads\/2024\/01\/AWW-Hero_mobile-1-3-169x300.jpg 169w, https:\/\/cdn.essensedesigns.com\/uploads\/2024\/01\/AWW-Hero_mobile-1-3-422x750.jpg 422w\" sizes=\"auto, (max-width: 450px) 100vw, 450px\" \/><\/figure>\n\n\n\n<div style=\"height:24px\" aria-hidden=\"true\" class=\"wp-block-spacer\"><\/div>\n\n\n\n<h1 class=\"wp-block-heading\" id=\"h-uber-all-who-wander\">\u00dcber All Who Wander<\/h1>\n\n\n<div class=\"esen-fifty-fifty-block custom-block\">\n\t<div id=\"fiftyFiftyBlock-block_fdf97483f05b59201bea5829301086f4\" class=\"fiftyFiftyBlock alignfull\">\n\t\t<div data-esen-fifty-fifty-block=\"\" class=\"d-flex justify-content-center flex-row-reverse \">\n\t\t\t<div class=\"fifty-fifty-text-wrapper d-flex flex-column justify-content-center align-items-center \"\n\t\t\t\t\tstyle=\"background-color: transparent;\n\t\t\t\t\t\t\tbackground-image: url('');\">\n\t\t\t <div class=\"fifty-fifty-text d-flex flex-column justify-content-center\" style=\"color: #914a3d;\">\n            <div class=\"fifty-fifty-description\"><p>F\u00fcr die Tr\u00e4umerin auf der Suche nach der lebenslangen Liebe. F\u00fcr die wilde Entdeckerin, die sich nach Aussergew\u00f6hnlichem sehnt. F\u00fcr die mutige Romantikerin, die sich auf ein einzigartiges Abenteuer einl\u00e4sst, das mit einem einfachen \u201cJa\u201d beginnt.<\/p>\n<\/div>\n            <a class=\"fifty-fifty-button btn btn-fill d-flex justify-content-center\" style=\"background-color: #b79376; color: #ffffff; align-self: flex-start; border-color: ;\"\n         href=\"https:\/\/essensedesigns.com\/all-who-wander\/wedding-dresses\/\" title=\"Entdecke die Kleider\">Entdecke die Kleider<\/a>\n        <\/div>\t\t\t<\/div>\n\n\t\t\t<!-- The main image column -->\n\t\t\t<div class=\"fifty-fifty-media-wrapper d-flex\" style=\"position: relative;\">\n\t\t\t    <div class=\"fifty-fifty-media\">\n            <img loading=\"lazy\" decoding=\"async\" class=\"fifty-fifty-image-file\" src=\"https:\/\/cdn.essensedesigns.com\/uploads\/2024\/01\/AWW-Inline-1-2-1.jpg\" alt=\"\" width=\"700\" height=\"700\">\n        <\/div>                \t\t\t\t<div class=\"placeholder-glow\" style=\"position: absolute; width: 100%; height: 100%;\">\n\t\t\t\t\t<span class=\"placeholder\" style=\"width: 100%; height: 100%;\"><\/span>\n\t\t\t\t<\/div>\n\t\t\t<\/div>\n\t\t<\/div>\n\t<\/div>\n<\/div>\n\n\n\n<div style=\"height:25px\" aria-hidden=\"true\" class=\"wp-block-spacer\"><\/div>\n\n\n<div class=\"esen-fifty-fifty-block custom-block\">\n\t<div id=\"fiftyFiftyBlock-block_c6b6b0977468a539a86c06cb9b5f2ff2\" class=\"fiftyFiftyBlock alignfull\">\n\t\t<div data-esen-fifty-fifty-block=\"\" class=\"d-flex justify-content-center flex-row \">\n\t\t\t<div class=\"fifty-fifty-text-wrapper d-flex flex-column justify-content-center align-items-center \"\n\t\t\t\t\tstyle=\"background-color: transparent;\n\t\t\t\t\t\t\tbackground-image: url('');\">\n\t\t\t <div class=\"fifty-fifty-text d-flex flex-column justify-content-center\" style=\"color: #914a3d;\">\n            <div class=\"fifty-fifty-description\"><p>all who wander ist eine Kollektion von Boho-Hochzeitskleidern, die das Unerwartete willkommen hei\u00dfen und den freiheitsliebenden Teil in Dir zum Vorschein bringen. Von verspielten Spitzen und traumhaften Mustern bis hin zu gewagten Designs und verwegenen Verzierungen \u2013 jedes Kleid unterstreicht Deine nat\u00fcrliche Sch\u00f6nheit. Ganz gleich, ob Dein Stil eher modern und minimalistisch oder himmlisch romantisch ist, es gibt ein atemberaubendes Brautkleid f\u00fcr Dich, wohin Deine Reise auch f\u00fchren mag.<\/p>\n<\/div>\n            <a class=\"fifty-fifty-button btn btn-fill d-flex justify-content-center\" style=\"background-color: #b79376; color: #ffffff; align-self: flex-start; border-color: ;\"\n         href=\"https:\/\/essensedesigns.com\/de\/all-who-wander\/wedding-dresses\/\" title=\"Entdecke die Kleider\">Entdecke die Kleider<\/a>\n        <\/div>\t\t\t<\/div>\n\n\t\t\t<!-- The main image column -->\n\t\t\t<div class=\"fifty-fifty-media-wrapper d-flex\" style=\"position: relative;\">\n\t\t\t    <div class=\"fifty-fifty-media\">\n            <img loading=\"lazy\" decoding=\"async\" class=\"fifty-fifty-image-file\" src=\"https:\/\/cdn.essensedesigns.com\/uploads\/2024\/01\/AWW-Inline-2-2-1.jpg\" alt=\"\" width=\"700\" height=\"700\">\n        <\/div>                \t\t\t\t<div class=\"placeholder-glow\" style=\"position: absolute; width: 100%; height: 100%;\">\n\t\t\t\t\t<span class=\"placeholder\" style=\"width: 100%; height: 100%;\"><\/span>\n\t\t\t\t<\/div>\n\t\t\t<\/div>\n\t\t<\/div>\n\t<\/div>\n<\/div>\n","protected":false},"excerpt":{"rendered":"<p>\u00dcber All Who Wander<\/p>\n","protected":false},"author":19,"featured_media":113197,"parent":51455,"menu_order":0,"comment_status":"closed","ping_status":"closed","template":"template-brand-home.php","meta":{"_acf_changed":false,"footnotes":""},"class_list":["post-113195","page","type-page","status-publish","has-post-thumbnail","hentry"],"acf":[],"yoast_head":"<!-- This site is optimized with the Yoast SEO Premium plugin v25.7.1 (Yoast SEO v25.9) - https:\/\/yoast.com\/wordpress\/plugins\/seo\/ -->\n<title>\u00dcber uns | Boho-Hochzeitskleider | All Who Wander<\/title>\n<meta name=\"description\" content=\"Entdecken Sie ein Kleid, das Ihre Sch\u00f6nheit unterstreicht, Ihre Seele ber\u00fchrt \u2013 und einen Teil von Ihnen offenbart, der zwar immer auf Reisen ist, aber nie verloren geht.\" \/>\n<meta name=\"robots\" content=\"index, follow, max-snippet:-1, max-image-preview:large, max-video-preview:-1\" \/>\n<link rel=\"canonical\" href=\"https:\/\/test.essensedesigns.com\/de\/all-who-wander-2\/about-us\/\" \/>\n<meta property=\"og:locale\" content=\"de_DE\" \/>\n<meta property=\"og:type\" content=\"article\" \/>\n<meta property=\"og:title\" content=\"\u00dcber uns\" \/>\n<meta property=\"og:description\" content=\"Entdecken Sie ein Kleid, das Ihre Sch\u00f6nheit unterstreicht, Ihre Seele ber\u00fchrt \u2013 und einen Teil von Ihnen offenbart, der zwar immer auf Reisen ist, aber nie verloren geht.\" \/>\n<meta property=\"og:url\" content=\"https:\/\/test.essensedesigns.com\/de\/all-who-wander-2\/about-us\/\" \/>\n<meta property=\"og:site_name\" content=\"Essense of Australia\" \/>\n<meta property=\"article:publisher\" content=\"https:\/\/www.facebook.com\/essenseofaustralia\/\" \/>\n<meta property=\"article:modified_time\" content=\"2025-10-14T18:47:06+00:00\" \/>\n<meta property=\"og:image\" content=\"https:\/\/cdn.essensedesigns.com\/uploads\/2020\/06\/Raine-A10.jpg\" \/>\n\t<meta property=\"og:image:width\" content=\"1200\" \/>\n\t<meta property=\"og:image:height\" content=\"1914\" \/>\n\t<meta property=\"og:image:type\" content=\"image\/jpeg\" \/>\n<meta name=\"twitter:card\" content=\"summary_large_image\" \/>\n<meta name=\"twitter:label1\" content=\"Est. reading time\" \/>\n\t<meta name=\"twitter:data1\" content=\"1 minute\" \/>\n<script type=\"application\/ld+json\" class=\"yoast-schema-graph\">{\"@context\":\"https:\/\/schema.org\",\"@graph\":[{\"@type\":\"WebPage\",\"@id\":\"https:\/\/test.essensedesigns.com\/de\/all-who-wander-2\/about-us\/\",\"url\":\"https:\/\/test.essensedesigns.com\/de\/all-who-wander-2\/about-us\/\",\"name\":\"\u00dcber uns | Boho-Hochzeitskleider | All Who Wander\",\"isPartOf\":{\"@id\":\"https:\/\/staging.essensedesigns.com\/#website\"},\"primaryImageOfPage\":{\"@id\":\"https:\/\/test.essensedesigns.com\/de\/all-who-wander-2\/about-us\/#primaryimage\"},\"image\":{\"@id\":\"https:\/\/test.essensedesigns.com\/de\/all-who-wander-2\/about-us\/#primaryimage\"},\"thumbnailUrl\":\"https:\/\/cdn.essensedesigns.com\/uploads\/2020\/06\/Raine-A10.jpg\",\"datePublished\":\"2019-11-13T15:56:09+00:00\",\"dateModified\":\"2025-10-14T18:47:06+00:00\",\"description\":\"Entdecken Sie ein Kleid, das Ihre Sch\u00f6nheit unterstreicht, Ihre Seele ber\u00fchrt \u2013 und einen Teil von Ihnen offenbart, der zwar immer auf Reisen ist, aber nie verloren geht.\",\"breadcrumb\":{\"@id\":\"https:\/\/test.essensedesigns.com\/de\/all-who-wander-2\/about-us\/#breadcrumb\"},\"inLanguage\":\"de-DE\",\"potentialAction\":[{\"@type\":\"ReadAction\",\"target\":[\"https:\/\/test.essensedesigns.com\/de\/all-who-wander-2\/about-us\/\"]}]},{\"@type\":\"ImageObject\",\"inLanguage\":\"de-DE\",\"@id\":\"https:\/\/test.essensedesigns.com\/de\/all-who-wander-2\/about-us\/#primaryimage\",\"url\":\"https:\/\/cdn.essensedesigns.com\/uploads\/2020\/06\/Raine-A10.jpg\",\"contentUrl\":\"https:\/\/cdn.essensedesigns.com\/uploads\/2020\/06\/Raine-A10.jpg\",\"width\":\"1200\",\"height\":\"1914\"},{\"@type\":\"BreadcrumbList\",\"@id\":\"https:\/\/test.essensedesigns.com\/de\/all-who-wander-2\/about-us\/#breadcrumb\",\"itemListElement\":[{\"@type\":\"ListItem\",\"position\":1,\"name\":\"Home\",\"item\":\"https:\/\/staging.essensedesigns.com\/de\/\"},{\"@type\":\"ListItem\",\"position\":2,\"name\":\"All Who Wander\",\"item\":\"https:\/\/test.essensedesigns.com\/de\/all-who-wander-2\/\"},{\"@type\":\"ListItem\",\"position\":3,\"name\":\"\u00dcber uns\"}]},{\"@type\":\"WebSite\",\"@id\":\"https:\/\/staging.essensedesigns.com\/#website\",\"url\":\"https:\/\/staging.essensedesigns.com\/\",\"name\":\"Essense Designs\",\"description\":\"\",\"publisher\":{\"@id\":\"https:\/\/staging.essensedesigns.com\/#organization\"},\"potentialAction\":[{\"@type\":\"SearchAction\",\"target\":{\"@type\":\"EntryPoint\",\"urlTemplate\":\"https:\/\/staging.essensedesigns.com\/?s={search_term_string}\"},\"query-input\":{\"@type\":\"PropertyValueSpecification\",\"valueRequired\":true,\"valueName\":\"search_term_string\"}}],\"inLanguage\":\"de-DE\"},{\"@type\":\"Organization\",\"@id\":\"https:\/\/staging.essensedesigns.com\/#organization\",\"name\":\"Essense of Australia\",\"url\":\"https:\/\/staging.essensedesigns.com\/\",\"logo\":{\"@type\":\"ImageObject\",\"inLanguage\":\"de-DE\",\"@id\":\"https:\/\/staging.essensedesigns.com\/#\/schema\/logo\/image\/\",\"url\":\"https:\/\/cdn.essensedesigns.com\/uploads\/2022\/12\/essense_of_australia_logo_svg.svg\",\"contentUrl\":\"https:\/\/cdn.essensedesigns.com\/uploads\/2022\/12\/essense_of_australia_logo_svg.svg\",\"width\":279,\"height\":101,\"caption\":\"Essense of Australia\"},\"image\":{\"@id\":\"https:\/\/staging.essensedesigns.com\/#\/schema\/logo\/image\/\"},\"sameAs\":[\"https:\/\/www.facebook.com\/essenseofaustralia\/\",\"https:\/\/www.instagram.com\/essenseofaustralia\",\"https:\/\/www.pinterest.com\/essensedesigns\/\"]}]}<\/script>\n<!-- \/ Yoast SEO Premium plugin. -->","yoast_head_json":{"title":"\u00dcber uns | Boho-Hochzeitskleider | All Who Wander","description":"Entdecken Sie ein Kleid, das Ihre Sch\u00f6nheit unterstreicht, Ihre Seele ber\u00fchrt \u2013 und einen Teil von Ihnen offenbart, der zwar immer auf Reisen ist, aber nie verloren geht.","robots":{"index":"index","follow":"follow","max-snippet":"max-snippet:-1","max-image-preview":"max-image-preview:large","max-video-preview":"max-video-preview:-1"},"canonical":"https:\/\/test.essensedesigns.com\/de\/all-who-wander-2\/about-us\/","og_locale":"de_DE","og_type":"article","og_title":"\u00dcber uns","og_description":"Entdecken Sie ein Kleid, das Ihre Sch\u00f6nheit unterstreicht, Ihre Seele ber\u00fchrt \u2013 und einen Teil von Ihnen offenbart, der zwar immer auf Reisen ist, aber nie verloren geht.","og_url":"https:\/\/test.essensedesigns.com\/de\/all-who-wander-2\/about-us\/","og_site_name":"Essense of Australia","article_publisher":"https:\/\/www.facebook.com\/essenseofaustralia\/","article_modified_time":"2025-10-14T18:47:06+00:00","og_image":[{"width":1200,"height":1914,"url":"https:\/\/cdn.essensedesigns.com\/uploads\/2020\/06\/Raine-A10.jpg","type":"image\/jpeg"}],"twitter_card":"summary_large_image","twitter_misc":{"Est. reading time":"1 minute"},"schema":{"@context":"https:\/\/schema.org","@graph":[{"@type":"WebPage","@id":"https:\/\/test.essensedesigns.com\/de\/all-who-wander-2\/about-us\/","url":"https:\/\/test.essensedesigns.com\/de\/all-who-wander-2\/about-us\/","name":"\u00dcber uns | Boho-Hochzeitskleider | All Who Wander","isPartOf":{"@id":"https:\/\/staging.essensedesigns.com\/#website"},"primaryImageOfPage":{"@id":"https:\/\/test.essensedesigns.com\/de\/all-who-wander-2\/about-us\/#primaryimage"},"image":{"@id":"https:\/\/test.essensedesigns.com\/de\/all-who-wander-2\/about-us\/#primaryimage"},"thumbnailUrl":"https:\/\/cdn.essensedesigns.com\/uploads\/2020\/06\/Raine-A10.jpg","datePublished":"2019-11-13T15:56:09+00:00","dateModified":"2025-10-14T18:47:06+00:00","description":"Entdecken Sie ein Kleid, das Ihre Sch\u00f6nheit unterstreicht, Ihre Seele ber\u00fchrt \u2013 und einen Teil von Ihnen offenbart, der zwar immer auf Reisen ist, aber nie verloren geht.","breadcrumb":{"@id":"https:\/\/test.essensedesigns.com\/de\/all-who-wander-2\/about-us\/#breadcrumb"},"inLanguage":"de-DE","potentialAction":[{"@type":"ReadAction","target":["https:\/\/test.essensedesigns.com\/de\/all-who-wander-2\/about-us\/"]}]},{"@type":"ImageObject","inLanguage":"de-DE","@id":"https:\/\/test.essensedesigns.com\/de\/all-who-wander-2\/about-us\/#primaryimage","url":"https:\/\/cdn.essensedesigns.com\/uploads\/2020\/06\/Raine-A10.jpg","contentUrl":"https:\/\/cdn.essensedesigns.com\/uploads\/2020\/06\/Raine-A10.jpg","width":"1200","height":"1914"},{"@type":"BreadcrumbList","@id":"https:\/\/test.essensedesigns.com\/de\/all-who-wander-2\/about-us\/#breadcrumb","itemListElement":[{"@type":"ListItem","position":1,"name":"Home","item":"https:\/\/staging.essensedesigns.com\/de\/"},{"@type":"ListItem","position":2,"name":"All Who Wander","item":"https:\/\/test.essensedesigns.com\/de\/all-who-wander-2\/"},{"@type":"ListItem","position":3,"name":"\u00dcber uns"}]},{"@type":"WebSite","@id":"https:\/\/staging.essensedesigns.com\/#website","url":"https:\/\/staging.essensedesigns.com\/","name":"Essense Designs","description":"","publisher":{"@id":"https:\/\/staging.essensedesigns.com\/#organization"},"potentialAction":[{"@type":"SearchAction","target":{"@type":"EntryPoint","urlTemplate":"https:\/\/staging.essensedesigns.com\/?s={search_term_string}"},"query-input":{"@type":"PropertyValueSpecification","valueRequired":true,"valueName":"search_term_string"}}],"inLanguage":"de-DE"},{"@type":"Organization","@id":"https:\/\/staging.essensedesigns.com\/#organization","name":"Essense of Australia","url":"https:\/\/staging.essensedesigns.com\/","logo":{"@type":"ImageObject","inLanguage":"de-DE","@id":"https:\/\/staging.essensedesigns.com\/#\/schema\/logo\/image\/","url":"https:\/\/cdn.essensedesigns.com\/uploads\/2022\/12\/essense_of_australia_logo_svg.svg","contentUrl":"https:\/\/cdn.essensedesigns.com\/uploads\/2022\/12\/essense_of_australia_logo_svg.svg","width":279,"height":101,"caption":"Essense of Australia"},"image":{"@id":"https:\/\/staging.essensedesigns.com\/#\/schema\/logo\/image\/"},"sameAs":["https:\/\/www.facebook.com\/essenseofaustralia\/","https:\/\/www.instagram.com\/essenseofaustralia","https:\/\/www.pinterest.com\/essensedesigns\/"]}]}},"_links":{"self":[{"href":"https:\/\/test.essensedesigns.com\/de\/wp-json\/wp\/v2\/pages\/113195","targetHints":{"allow":["GET"]}}],"collection":[{"href":"https:\/\/test.essensedesigns.com\/de\/wp-json\/wp\/v2\/pages"}],"about":[{"href":"https:\/\/test.essensedesigns.com\/de\/wp-json\/wp\/v2\/types\/page"}],"author":[{"embeddable":true,"href":"https:\/\/test.essensedesigns.com\/de\/wp-json\/wp\/v2\/users\/19"}],"replies":[{"embeddable":true,"href":"https:\/\/test.essensedesigns.com\/de\/wp-json\/wp\/v2\/comments?post=113195"}],"version-history":[{"count":4,"href":"https:\/\/test.essensedesigns.com\/de\/wp-json\/wp\/v2\/pages\/113195\/revisions"}],"predecessor-version":[{"id":114835,"href":"https:\/\/test.essensedesigns.com\/de\/wp-json\/wp\/v2\/pages\/113195\/revisions\/114835"}],"up":[{"embeddable":true,"href":"https:\/\/test.essensedesigns.com\/de\/wp-json\/wp\/v2\/pages\/51455"}],"wp:featuredmedia":[{"embeddable":true,"href":"https:\/\/test.essensedesigns.com\/de\/wp-json\/wp\/v2\/media\/113197"}],"wp:attachment":[{"href":"https:\/\/test.essensedesigns.com\/de\/wp-json\/wp\/v2\/media?parent=113195"}],"curies":[{"name":"wp","href":"https:\/\/api.w.org\/{rel}","templated":true}]}}